{"id":1112,"date":"2022-07-04T16:41:47","date_gmt":"2022-07-04T16:41:47","guid":{"rendered":"https:\/\/d72.hu\/?page_id=1112"},"modified":"2022-11-02T09:12:13","modified_gmt":"2022-11-02T09:12:13","slug":"epiteszeti-koncepcio","status":"publish","type":"page","link":"https:\/\/d72.hu\/ru\/epiteszeti-koncepcio\/","title":{"rendered":"\u0410\u0440\u0445\u0438\u0442\u0435\u043a\u0442\u0443\u0440\u043d\u0430\u044f \u043a\u043e\u043d\u0446\u0435\u043f\u0446\u0438\u044f"},"content":{"rendered":"<div data-elementor-type=\"wp-page\" data-elementor-id=\"1112\" class=\"elementor elementor-1112\">\n\t\t\t\t\t\t<section class=\"elementor-section elementor-top-section elementor-element elementor-element-6a0d78d elementor-section-content-top elementor-section-boxed elementor-section-height-default elementor-section-height-default exad-glass-effect-no exad-sticky-section-no\" data-id=\"6a0d78d\" data-element_type=\"section\" data-settings=\"{&quot;background_background&quot;:&quot;classic&quot;}\">\n\t\t\t\t\t\t<div class=\"elementor-container elementor-column-gap-no\">\n\t\t\t\t\t<div class=\"elementor-column elementor-col-50 elementor-top-column elementor-element elementor-element-f161ccb exad-glass-effect-no exad-sticky-section-no\" data-id=\"f161ccb\" data-element_type=\"column\" data-settings=\"{&quot;background_background&quot;:&quot;classic&quot;}\">\n\t\t\t<div class=\"elementor-widget-wrap elementor-element-populated\">\n\t\t\t\t\t\t<div class=\"elementor-element elementor-element-e8dd42a exad-sticky-section-no exad-glass-effect-no elementor-widget elementor-widget-text-editor\" data-id=\"e8dd42a\" data-element_type=\"widget\" data-widget_type=\"text-editor.default\">\n\t\t\t\t<div class=\"elementor-widget-container\">\n\t\t\t<style>\/*! elementor - v3.22.0 - 26-06-2024 *\/\n.elementor-widget-text-editor.elementor-drop-cap-view-stacked .elementor-drop-cap{background-color:#69727d;color:#fff}.elementor-widget-text-editor.elementor-drop-cap-view-framed .elementor-drop-cap{color:#69727d;border:3px solid;background-color:transparent}.elementor-widget-text-editor:not(.elementor-drop-cap-view-default) .elementor-drop-cap{margin-top:8px}.elementor-widget-text-editor:not(.elementor-drop-cap-view-default) .elementor-drop-cap-letter{width:1em;height:1em}.elementor-widget-text-editor .elementor-drop-cap{float:left;text-align:center;line-height:1;font-size:50px}.elementor-widget-text-editor .elementor-drop-cap-letter{display:inline-block}<\/style>\t\t\t\t<p>\u041c\u044b \u043f\u0440\u0438\u0434\u0443\u043c\u0430\u043b\u0438 \u043a\u043e\u043d\u0446\u0435\u043f\u0446\u0438\u044e, \u043a\u043e\u0442\u043e\u0440\u0430\u044f \u043f\u043e\u0437\u0432\u043e\u043b\u0438\u0442 \u0441\u043e\u0437\u0434\u0430\u0442\u044c \u043d\u0435 \u043f\u0440\u043e\u0441\u0442\u043e \u0434\u044e\u0436\u0438\u043d\u0443 \u043a\u043e\u043c\u043d\u0430\u0442, \u0430 \u043d\u043e\u0432\u044b\u0439 \u0441\u0442\u0430\u043d\u0434\u0430\u0440\u0442 \u043d\u0430 \u0440\u044b\u043d\u043a\u0435 \u043d\u0435\u0434\u0432\u0438\u0436\u0438\u043c\u043e\u0441\u0442\u0438. \u041c\u044b \u0441\u043e\u0437\u0434\u0430\u043b\u0438 \u043d\u043e\u0432\u0443\u044e \u043e\u0441\u043d\u043e\u0432\u0443 \u0434\u043b\u044f \u0440\u043e\u0441\u043a\u043e\u0448\u0438, \u043a\u0430\u043a \u0441 \u0442\u043e\u0447\u043a\u0438 \u0437\u0440\u0435\u043d\u0438\u044f \u0440\u0430\u0441\u043f\u043e\u043b\u043e\u0436\u0435\u043d\u0438\u044f, \u0442\u0430\u043a \u0438 \u0441 \u0442\u043e\u0447\u043a\u0438 \u0437\u0440\u0435\u043d\u0438\u044f \u0434\u0438\u0437\u0430\u0439\u043d\u0430. \u041d\u0430\u0448\u0435\u0439 \u0446\u0435\u043b\u044c\u044e \u0431\u044b\u043b\u043e \u043f\u0440\u0435\u0432\u0437\u043e\u0439\u0442\u0438 \u0441\u0430\u043c\u044b\u0435 \u0432\u044b\u0441\u043e\u043a\u0438\u0435 \u043e\u0436\u0438\u0434\u0430\u043d\u0438\u044f.<\/p><p>\u00a0<\/p><p>\u0412 \u0443\u0441\u043b\u043e\u0432\u0438\u044f\u0445 \u043f\u0435\u0440\u0435\u043d\u0430\u043f\u0440\u044f\u0436\u0435\u043d\u043d\u043e\u0439 \u0433\u043e\u0440\u043e\u0434\u0441\u043a\u043e\u0439 \u0441\u0440\u0435\u0434\u044b \u043e\u0441\u043e\u0431\u0435\u043d\u043d\u043e \u0432\u0430\u0436\u043d\u043e \u0437\u0430\u0449\u0438\u0449\u0430\u0442\u044c \u0447\u0430\u0441\u0442\u043d\u0443\u044e \u0436\u0438\u0437\u043d\u044c \u0438 \u0431\u044b\u0442\u044c \u0431\u043b\u0438\u0436\u0435 \u043a \u043f\u0440\u0438\u0440\u043e\u0434\u0435: \u0442\u043e\u043b\u044c\u043a\u043e \u0442\u043e\u0433\u0434\u0430 \u043c\u044b \u0441\u043c\u043e\u0436\u0435\u043c \u0436\u0438\u0442\u044c \u0441\u0431\u0430\u043b\u0430\u043d\u0441\u0438\u0440\u043e\u0432\u0430\u043d\u043d\u043e\u0439, \u0431\u0435\u0437\u043e\u043f\u0430\u0441\u043d\u043e\u0439 \u0436\u0438\u0437\u043d\u044c\u044e. \u0411\u043b\u0430\u0433\u043e\u0434\u0430\u0440\u044f \u0443\u043d\u0438\u043a\u0430\u043b\u044c\u043d\u043e\u043c\u0443 \u0440\u0430\u0441\u043f\u043e\u043b\u043e\u0436\u0435\u043d\u0438\u044e \u0438 \u0432\u044b\u0434\u0430\u044e\u0449\u0438\u043c\u0441\u044f \u0445\u0430\u0440\u0430\u043a\u0442\u0435\u0440\u0438\u0441\u0442\u0438\u043a\u0430\u043c, \u044d\u0442\u0438 7 \u0430\u043f\u0430\u0440\u0442\u0430\u043c\u0435\u043d\u0442o\u0432-\u0432\u0438\u043b\u043b\u044b \u043f\u0440\u043e\u0434\u0430\u044e\u0442\u0441\u044f \u043f\u043e \u043f\u0440\u0435\u0434\u0432\u0430\u0440\u0438\u0442\u0435\u043b\u044c\u043d\u043e\u0439 \u0440\u0435\u0433\u0438\u0441\u0442\u0440\u0430\u0446\u0438\u0438 \u0438 \u0434\u043e\u0441\u0442\u0443\u043f\u043d\u044b \u0442\u043e\u043b\u044c\u043a\u043e \u0438\u0437\u0431\u0440\u0430\u043d\u043d\u044b\u043c<\/p><p>\u00a0<\/p><p><b> \u0438\u043c\u0435\u043d\u043d\u043e \u044d\u0442\u043e \u043f\u0440\u0438\u0434\u0430\u0435\u0442 \u0438\u043c \u043d\u0430\u0441\u0442\u043e\u044f\u0449\u0443\u044e \u044d\u043a\u0441\u043a\u043b\u044e\u0437\u0438\u0432\u043d\u043e\u0441\u0442\u044c.<\/b><\/p><p>\u00a0<\/p><p>\u0417\u0430\u0449\u0438\u0442\u0430 \u0447\u0430\u0441\u0442\u043d\u043e\u0439 \u0436\u0438\u0437\u043d\u0438 \u0438 \u0441\u043e\u0445\u0440\u0430\u043d\u0435\u043d\u0438\u0435 \u0438\u043d\u0442\u0438\u043c\u043d\u043e\u0441\u0442\u0438 \u0431\u044b\u043b\u0438 \u043a\u043b\u044e\u0447\u0435\u0432\u044b\u043c \u0440\u0443\u043a\u043e\u0432\u043e\u0434\u044f\u0449\u0438\u043c \u043f\u0440\u0438\u043d\u0446\u0438\u043f\u043e\u043c \u0434\u0438\u0437\u0430\u0439\u043d\u0430 \u043f\u0440\u0438 \u0441\u043e\u0437\u0434\u0430\u043d\u0438\u0438 \u043f\u043e\u0442\u0440\u044f\u0441\u0430\u044e\u0449\u0438\u0445, \u0437\u043d\u0430\u043a\u043e\u0432\u044b\u0445 \u0436\u0438\u043b\u044b\u0445 \u043f\u0440\u043e\u0441\u0442\u0440\u0430\u043d\u0441\u0442\u0432 \u0432 \u044d\u0442\u0438\u0445 \u044d\u043b\u0438\u0442\u043d\u044b\u0445 \u0440\u0435\u0437\u0438\u0434\u0435\u043d\u0446\u0438\u044f\u0445 \u0441 \u043e\u0449\u0443\u0449\u0435\u043d\u0438\u0435\u043c \u0432\u0435\u0447\u043d\u043e\u0439 \u044d\u043b\u0435\u0433\u0430\u043d\u0442\u043d\u043e\u0441\u0442\u0438. \u041f\u043e\u043b\u043d\u043e\u0441\u0442\u044c\u044e \u043d\u0430\u0441\u0442\u0440\u0430\u0438\u0432\u0430\u0435\u043c\u044b\u0435 \u0438\u043d\u0442\u0435\u0440\u044c\u0435\u0440\u044b \u0438 \u0432\u044b\u0434\u0430\u044e\u0449\u0438\u0435\u0441\u044f \u0442\u0435\u0445\u043d\u0438\u0447\u0435\u0441\u043a\u0438\u0435 \u0445\u0430\u0440\u0430\u043a\u0442\u0435\u0440\u0438\u0441\u0442\u0438\u043a\u0438 \u0433\u0430\u0440\u043c\u043e\u043d\u0438\u0447\u043d\u043e \u0441\u043e\u0447\u0435\u0442\u0430\u044e\u0442\u0441\u044f \u0434\u0440\u0443\u0433 \u0441 \u0434\u0440\u0443\u0433\u043e\u043c \u0438 \u0441\u043e\u0437\u0434\u0430\u044e\u0442 \u0434\u043e\u043c, \u0433\u0434\u0435 \u0446\u0430\u0440\u0438\u0442 \u0441\u043f\u043e\u043a\u043e\u0439\u0441\u0442\u0432\u0438\u0435 \u0438 \u0443\u043c\u0438\u0440\u043e\u0442\u0432\u043e\u0440\u0435\u043d\u0438\u0435, \u0432 \u0442\u0438\u0448\u0438 \u043f\u0440\u0438\u0440\u043e\u0434\u044b, \u0432 \u043c\u0435\u0441\u0442\u0435 \u0438 \u0441 \u0438\u0441\u043a\u043b\u044e\u0447\u0438\u0442\u0435\u043b\u044c\u043d\u044b\u043c\u0438 \u0443\u0434\u043e\u0431\u0441\u0442\u0432\u0430\u043c\u0438, \u043a\u043e\u0442\u043e\u0440\u044b\u0435 \u0441\u0435\u0433\u043e\u0434\u043d\u044f \u0434\u043e\u0441\u0442\u0443\u043f\u043d\u044b \u043e\u0447\u0435\u043d\u044c \u043d\u0435\u043c\u043d\u043e\u0433\u0438\u043c.<\/p>\t\t\t\t\t\t<\/div>\n\t\t\t\t<\/div>\n\t\t\t\t<div class=\"elementor-element elementor-element-60c94ac elementor-align-right elementor-tablet-align-center exad-sticky-section-no exad-glass-effect-no elementor-widget elementor-widget-button\" data-id=\"60c94ac\" data-element_type=\"widget\" data-widget_type=\"button.default\">\n\t\t\t\t<div class=\"elementor-widget-container\">\n\t\t\t\t\t<div class=\"elementor-button-wrapper\">\n\t\t\t<a class=\"elementor-button elementor-button-link elementor-size-sm\" href=\"https:\/\/d72.hu\/ru\/\">\n\t\t\t\t\t\t<span class=\"elementor-button-content-wrapper\">\n\t\t\t\t\t\t\t\t\t<span class=\"elementor-button-text\">\u0412\u0435\u0440\u043d\u0443\u0442\u044c\u0441\u044f \u043d\u0430 \u0433\u043b\u0430\u0432\u043d\u0443\u044e \u0441\u0442\u0440\u0430\u043d\u0438\u0446\u0443<\/span>\n\t\t\t\t\t<\/span>\n\t\t\t\t\t<\/a>\n\t\t<\/div>\n\t\t\t\t<\/div>\n\t\t\t\t<\/div>\n\t\t\t\t\t<\/div>\n\t\t<\/div>\n\t\t\t\t<div class=\"elementor-column elementor-col-50 elementor-top-column elementor-element elementor-element-0e4eef2 exad-glass-effect-no exad-sticky-section-no\" data-id=\"0e4eef2\" data-element_type=\"column\">\n\t\t\t<div class=\"elementor-widget-wrap elementor-element-populated\">\n\t\t\t\t\t\t<div class=\"elementor-element elementor-element-cef8263 elementor-absolute elementor-hidden-tablet elementor-hidden-mobile exad-sticky-section-no exad-glass-effect-no elementor-widget elementor-widget-image\" data-id=\"cef8263\" data-element_type=\"widget\" id=\"epiteszeti-koncepcio-image\" data-settings=\"{&quot;_position&quot;:&quot;absolute&quot;}\" data-widget_type=\"image.default\">\n\t\t\t\t<div class=\"elementor-widget-container\">\n\t\t\t<style>\/*! elementor - v3.22.0 - 26-06-2024 *\/\n.elementor-widget-image{text-align:center}.elementor-widget-image a{display:inline-block}.elementor-widget-image a img[src$=\".svg\"]{width:48px}.elementor-widget-image img{vertical-align:middle;display:inline-block}<\/style>\t\t\t\t\t\t\t\t\t\t<img fetchpriority=\"high\" decoding=\"async\" width=\"1372\" height=\"1576\" src=\"https:\/\/d72.hu\/wp-content\/uploads\/2022\/11\/epiteszeti-koncepcio-belso-1.jpg\" class=\"attachment-full size-full wp-image-3637\" alt=\"\" srcset=\"https:\/\/d72.hu\/wp-content\/uploads\/2022\/11\/epiteszeti-koncepcio-belso-1.jpg 1372w, https:\/\/d72.hu\/wp-content\/uploads\/2022\/11\/epiteszeti-koncepcio-belso-1-261x300.jpg 261w, https:\/\/d72.hu\/wp-content\/uploads\/2022\/11\/epiteszeti-koncepcio-belso-1-891x1024.jpg 891w, https:\/\/d72.hu\/wp-content\/uploads\/2022\/11\/epiteszeti-koncepcio-belso-1-768x882.jpg 768w, https:\/\/d72.hu\/wp-content\/uploads\/2022\/11\/epiteszeti-koncepcio-belso-1-1337x1536.jpg 1337w, https:\/\/d72.hu\/wp-content\/uploads\/2022\/11\/epiteszeti-koncepcio-belso-1-10x12.jpg 10w\" sizes=\"(max-width: 1372px) 100vw, 1372px\" style=\"width:100%;height:114.87%;max-width:1372px\" \/>\t\t\t\t\t\t\t\t\t\t\t\t\t<\/div>\n\t\t\t\t<\/div>\n\t\t\t\t<div class=\"elementor-element elementor-element-fb4f44b elementor-hidden-desktop elementor-absolute exad-sticky-section-no exad-glass-effect-no elementor-widget elementor-widget-image\" data-id=\"fb4f44b\" data-element_type=\"widget\" id=\"epiteszeti-koncepcio-image\" data-settings=\"{&quot;_position&quot;:&quot;absolute&quot;}\" data-widget_type=\"image.default\">\n\t\t\t\t<div class=\"elementor-widget-container\">\n\t\t\t\t\t\t\t\t\t\t\t\t\t<img fetchpriority=\"high\" decoding=\"async\" width=\"1372\" height=\"1576\" src=\"https:\/\/d72.hu\/wp-content\/uploads\/2022\/11\/epiteszeti-koncepcio-belso-1.jpg\" class=\"attachment-full size-full wp-image-3637\" alt=\"\" srcset=\"https:\/\/d72.hu\/wp-content\/uploads\/2022\/11\/epiteszeti-koncepcio-belso-1.jpg 1372w, https:\/\/d72.hu\/wp-content\/uploads\/2022\/11\/epiteszeti-koncepcio-belso-1-261x300.jpg 261w, https:\/\/d72.hu\/wp-content\/uploads\/2022\/11\/epiteszeti-koncepcio-belso-1-891x1024.jpg 891w, https:\/\/d72.hu\/wp-content\/uploads\/2022\/11\/epiteszeti-koncepcio-belso-1-768x882.jpg 768w, https:\/\/d72.hu\/wp-content\/uploads\/2022\/11\/epiteszeti-koncepcio-belso-1-1337x1536.jpg 1337w, https:\/\/d72.hu\/wp-content\/uploads\/2022\/11\/epiteszeti-koncepcio-belso-1-10x12.jpg 10w\" sizes=\"(max-width: 1372px) 100vw, 1372px\" style=\"width:100%;height:114.87%;max-width:1372px\" \/>\t\t\t\t\t\t\t\t\t\t\t\t\t<\/div>\n\t\t\t\t<\/div>\n\t\t\t\t\t<\/div>\n\t\t<\/div>\n\t\t\t\t\t<\/div>\n\t\t<\/section>\n\t\t\t\t<\/div>","protected":false},"excerpt":{"rendered":"<p>Olyan koncepci\u00f3ban gondolkodtunk, amely nem csup\u00e1n egy tucatterm\u00e9ket hoz l\u00e9tre, hanem \u00faj sztenderdet teremt az ingatlanpiacon. \u00daj alapokra helyezt\u00fck a luxuskateg\u00f3ri\u00e1t mind a helysz\u00edn, mind a tervez\u0151i megold\u00e1sok kiv\u00e1laszt\u00e1s\u00e1val. A c\u00e9lunk az volt, hogy a legmagasabb elv\u00e1r\u00e1sokat is fel\u00fclm\u00faljuk. \u00a0 A nagyv\u00e1rosi t\u00falhajszolt k\u00f6rnyezetben k\u00fcl\u00f6n\u00f6sen fontos a priv\u00e1tszf\u00e9ra v\u00e9delme \u00e9s a term\u00e9szet k\u00f6zels\u00e9ge: csak \u00edgy&hellip; <a class=\"more-link\" href=\"https:\/\/d72.hu\/ru\/epiteszeti-koncepcio\/\">Continue reading <span class=\"screen-reader-text\">\u0410\u0440\u0445\u0438\u0442\u0435\u043a\u0442\u0443\u0440\u043d\u0430\u044f \u043a\u043e\u043d\u0446\u0435\u043f\u0446\u0438\u044f<\/span><\/a><\/p>","protected":false},"author":1,"featured_media":0,"parent":0,"menu_order":0,"comment_status":"closed","ping_status":"closed","template":"elementor_header_footer","meta":{"footnotes":""},"class_list":["post-1112","page","type-page","status-publish","hentry","entry"],"yoast_head":"<!-- This site is optimized with the Yoast SEO plugin v20.0 - https:\/\/yoast.com\/wordpress\/plugins\/seo\/ -->\n<title>\u00c9p\u00edt\u00e9szeti koncepci\u00f3 - d72<\/title>\n<meta name=\"robots\" content=\"index, follow, max-snippet:-1, max-image-preview:large, max-video-preview:-1\" \/>\n<link rel=\"canonical\" href=\"https:\/\/d72.hu\/ru\/epiteszeti-koncepcio\/\" \/>\n<meta property=\"og:locale\" content=\"ru_RU\" \/>\n<meta property=\"og:type\" content=\"article\" \/>\n<meta property=\"og:title\" content=\"\u00c9p\u00edt\u00e9szeti koncepci\u00f3 - d72\" \/>\n<meta property=\"og:description\" content=\"Olyan koncepci\u00f3ban gondolkodtunk, amely nem csup\u00e1n egy tucatterm\u00e9ket hoz l\u00e9tre, hanem \u00faj sztenderdet teremt az ingatlanpiacon. \u00daj alapokra helyezt\u00fck a luxuskateg\u00f3ri\u00e1t mind a helysz\u00edn, mind a tervez\u0151i megold\u00e1sok kiv\u00e1laszt\u00e1s\u00e1val. A c\u00e9lunk az volt, hogy a legmagasabb elv\u00e1r\u00e1sokat is fel\u00fclm\u00faljuk. \u00a0 A nagyv\u00e1rosi t\u00falhajszolt k\u00f6rnyezetben k\u00fcl\u00f6n\u00f6sen fontos a priv\u00e1tszf\u00e9ra v\u00e9delme \u00e9s a term\u00e9szet k\u00f6zels\u00e9ge: csak \u00edgy&hellip; Continue reading \u00c9p\u00edt\u00e9szeti koncepci\u00f3\" \/>\n<meta property=\"og:url\" content=\"https:\/\/d72.hu\/ru\/epiteszeti-koncepcio\/\" \/>\n<meta property=\"og:site_name\" content=\"d72\" \/>\n<meta property=\"article:publisher\" content=\"https:\/\/www.facebook.com\/d72residence\" \/>\n<meta property=\"article:modified_time\" content=\"2022-11-02T09:12:13+00:00\" \/>\n<meta property=\"og:image\" content=\"https:\/\/d72.hu\/wp-content\/uploads\/2022\/11\/epiteszeti-koncepcio-belso-1.jpg\" \/>\n<meta name=\"twitter:card\" content=\"summary_large_image\" \/>\n<meta name=\"twitter:label1\" content=\"Est. reading time\" \/>\n\t<meta name=\"twitter:data1\" content=\"2 minutes\" \/>\n<script type=\"application\/ld+json\" class=\"yoast-schema-graph\">{\"@context\":\"https:\/\/schema.org\",\"@graph\":[{\"@type\":\"WebPage\",\"@id\":\"https:\/\/d72.hu\/epiteszeti-koncepcio\/\",\"url\":\"https:\/\/d72.hu\/epiteszeti-koncepcio\/\",\"name\":\"\u00c9p\u00edt\u00e9szeti koncepci\u00f3 - d72\",\"isPartOf\":{\"@id\":\"https:\/\/d72.hu\/#website\"},\"datePublished\":\"2022-07-04T16:41:47+00:00\",\"dateModified\":\"2022-11-02T09:12:13+00:00\",\"breadcrumb\":{\"@id\":\"https:\/\/d72.hu\/epiteszeti-koncepcio\/#breadcrumb\"},\"inLanguage\":\"ru-RU\",\"potentialAction\":[{\"@type\":\"ReadAction\",\"target\":[\"https:\/\/d72.hu\/epiteszeti-koncepcio\/\"]}]},{\"@type\":\"BreadcrumbList\",\"@id\":\"https:\/\/d72.hu\/epiteszeti-koncepcio\/#breadcrumb\",\"itemListElement\":[{\"@type\":\"ListItem\",\"position\":1,\"name\":\"Home\",\"item\":\"https:\/\/d72.hu\/\"},{\"@type\":\"ListItem\",\"position\":2,\"name\":\"\u00c9p\u00edt\u00e9szeti koncepci\u00f3\"}]},{\"@type\":\"WebSite\",\"@id\":\"https:\/\/d72.hu\/#website\",\"url\":\"https:\/\/d72.hu\/\",\"name\":\"d72\",\"description\":\"Residence \u2013 Priv\u00e1t Luxus\",\"publisher\":{\"@id\":\"https:\/\/d72.hu\/#organization\"},\"potentialAction\":[{\"@type\":\"SearchAction\",\"target\":{\"@type\":\"EntryPoint\",\"urlTemplate\":\"https:\/\/d72.hu\/?s={search_term_string}\"},\"query-input\":\"required name=search_term_string\"}],\"inLanguage\":\"ru-RU\"},{\"@type\":\"Organization\",\"@id\":\"https:\/\/d72.hu\/#organization\",\"name\":\"d72\",\"url\":\"https:\/\/d72.hu\/\",\"logo\":{\"@type\":\"ImageObject\",\"inLanguage\":\"ru-RU\",\"@id\":\"https:\/\/d72.hu\/#\/schema\/logo\/image\/\",\"url\":\"https:\/\/d72.hu\/wp-content\/uploads\/2022\/06\/favicon.png\",\"contentUrl\":\"https:\/\/d72.hu\/wp-content\/uploads\/2022\/06\/favicon.png\",\"width\":64,\"height\":64,\"caption\":\"d72\"},\"image\":{\"@id\":\"https:\/\/d72.hu\/#\/schema\/logo\/image\/\"},\"sameAs\":[\"https:\/\/www.instagram.com\/d72residence\/\",\"https:\/\/www.facebook.com\/d72residence\"]}]}<\/script>\n<!-- \/ Yoast SEO plugin. -->","yoast_head_json":{"title":"\u00c9p\u00edt\u00e9szeti koncepci\u00f3 - d72","robots":{"index":"index","follow":"follow","max-snippet":"max-snippet:-1","max-image-preview":"max-image-preview:large","max-video-preview":"max-video-preview:-1"},"canonical":"https:\/\/d72.hu\/ru\/epiteszeti-koncepcio\/","og_locale":"ru_RU","og_type":"article","og_title":"\u00c9p\u00edt\u00e9szeti koncepci\u00f3 - d72","og_description":"Olyan koncepci\u00f3ban gondolkodtunk, amely nem csup\u00e1n egy tucatterm\u00e9ket hoz l\u00e9tre, hanem \u00faj sztenderdet teremt az ingatlanpiacon. \u00daj alapokra helyezt\u00fck a luxuskateg\u00f3ri\u00e1t mind a helysz\u00edn, mind a tervez\u0151i megold\u00e1sok kiv\u00e1laszt\u00e1s\u00e1val. A c\u00e9lunk az volt, hogy a legmagasabb elv\u00e1r\u00e1sokat is fel\u00fclm\u00faljuk. \u00a0 A nagyv\u00e1rosi t\u00falhajszolt k\u00f6rnyezetben k\u00fcl\u00f6n\u00f6sen fontos a priv\u00e1tszf\u00e9ra v\u00e9delme \u00e9s a term\u00e9szet k\u00f6zels\u00e9ge: csak \u00edgy&hellip; Continue reading \u00c9p\u00edt\u00e9szeti koncepci\u00f3","og_url":"https:\/\/d72.hu\/ru\/epiteszeti-koncepcio\/","og_site_name":"d72","article_publisher":"https:\/\/www.facebook.com\/d72residence","article_modified_time":"2022-11-02T09:12:13+00:00","og_image":[{"url":"https:\/\/d72.hu\/wp-content\/uploads\/2022\/11\/epiteszeti-koncepcio-belso-1.jpg"}],"twitter_card":"summary_large_image","twitter_misc":{"Est. reading time":"2 minutes"},"schema":{"@context":"https:\/\/schema.org","@graph":[{"@type":"WebPage","@id":"https:\/\/d72.hu\/epiteszeti-koncepcio\/","url":"https:\/\/d72.hu\/epiteszeti-koncepcio\/","name":"\u00c9p\u00edt\u00e9szeti koncepci\u00f3 - d72","isPartOf":{"@id":"https:\/\/d72.hu\/#website"},"datePublished":"2022-07-04T16:41:47+00:00","dateModified":"2022-11-02T09:12:13+00:00","breadcrumb":{"@id":"https:\/\/d72.hu\/epiteszeti-koncepcio\/#breadcrumb"},"inLanguage":"ru-RU","potentialAction":[{"@type":"ReadAction","target":["https:\/\/d72.hu\/epiteszeti-koncepcio\/"]}]},{"@type":"BreadcrumbList","@id":"https:\/\/d72.hu\/epiteszeti-koncepcio\/#breadcrumb","itemListElement":[{"@type":"ListItem","position":1,"name":"Home","item":"https:\/\/d72.hu\/"},{"@type":"ListItem","position":2,"name":"\u00c9p\u00edt\u00e9szeti koncepci\u00f3"}]},{"@type":"WebSite","@id":"https:\/\/d72.hu\/#website","url":"https:\/\/d72.hu\/","name":"d72","description":"Residence \u2013 Priv\u00e1t Luxus","publisher":{"@id":"https:\/\/d72.hu\/#organization"},"potentialAction":[{"@type":"SearchAction","target":{"@type":"EntryPoint","urlTemplate":"https:\/\/d72.hu\/?s={search_term_string}"},"query-input":"required name=search_term_string"}],"inLanguage":"ru-RU"},{"@type":"Organization","@id":"https:\/\/d72.hu\/#organization","name":"d72","url":"https:\/\/d72.hu\/","logo":{"@type":"ImageObject","inLanguage":"ru-RU","@id":"https:\/\/d72.hu\/#\/schema\/logo\/image\/","url":"https:\/\/d72.hu\/wp-content\/uploads\/2022\/06\/favicon.png","contentUrl":"https:\/\/d72.hu\/wp-content\/uploads\/2022\/06\/favicon.png","width":64,"height":64,"caption":"d72"},"image":{"@id":"https:\/\/d72.hu\/#\/schema\/logo\/image\/"},"sameAs":["https:\/\/www.instagram.com\/d72residence\/","https:\/\/www.facebook.com\/d72residence"]}]}},"_links":{"self":[{"href":"https:\/\/d72.hu\/ru\/wp-json\/wp\/v2\/pages\/1112","targetHints":{"allow":["GET"]}}],"collection":[{"href":"https:\/\/d72.hu\/ru\/wp-json\/wp\/v2\/pages"}],"about":[{"href":"https:\/\/d72.hu\/ru\/wp-json\/wp\/v2\/types\/page"}],"author":[{"embeddable":true,"href":"https:\/\/d72.hu\/ru\/wp-json\/wp\/v2\/users\/1"}],"replies":[{"embeddable":true,"href":"https:\/\/d72.hu\/ru\/wp-json\/wp\/v2\/comments?post=1112"}],"version-history":[{"count":9,"href":"https:\/\/d72.hu\/ru\/wp-json\/wp\/v2\/pages\/1112\/revisions"}],"predecessor-version":[{"id":3643,"href":"https:\/\/d72.hu\/ru\/wp-json\/wp\/v2\/pages\/1112\/revisions\/3643"}],"wp:attachment":[{"href":"https:\/\/d72.hu\/ru\/wp-json\/wp\/v2\/media?parent=1112"}],"curies":[{"name":"wp","href":"https:\/\/api.w.org\/{rel}","templated":true}]}}