{"id":4675,"date":"2024-02-01T08:13:13","date_gmt":"2024-02-01T08:13:13","guid":{"rendered":"https:\/\/d72.hu\/?page_id=4675"},"modified":"2024-02-01T09:59:34","modified_gmt":"2024-02-01T09:59:34","slug":"blog","status":"publish","type":"page","link":"https:\/\/d72.hu\/eng\/blog\/","title":{"rendered":"Blog"},"content":{"rendered":"<div data-elementor-type=\"wp-page\" data-elementor-id=\"4675\" class=\"elementor elementor-4675\">\n\t\t\t\t\t\t<section class=\"elementor-section elementor-top-section elementor-element elementor-element-3ef56c3 elementor-section-boxed elementor-section-height-default elementor-section-height-default exad-glass-effect-no exad-sticky-section-no\" data-id=\"3ef56c3\" data-element_type=\"section\">\n\t\t\t\t\t\t<div class=\"elementor-container elementor-column-gap-default\">\n\t\t\t\t\t<div class=\"elementor-column elementor-col-100 elementor-top-column elementor-element elementor-element-a8199d9 exad-glass-effect-no exad-sticky-section-no\" data-id=\"a8199d9\" data-element_type=\"column\">\n\t\t\t<div class=\"elementor-widget-wrap elementor-element-populated\">\n\t\t\t\t\t\t<div class=\"elementor-element elementor-element-eb64d62 exad-sticky-section-no exad-glass-effect-no elementor-widget elementor-widget-exad-post-grid\" data-id=\"eb64d62\" data-element_type=\"widget\" data-widget_type=\"exad-post-grid.default\">\n\t\t\t\t<div class=\"elementor-widget-container\">\n\t\t\t\t\t\r\n\r\n\t\t<div class=\"exad-post-grid exad-post-grid-featured-post-yes default_layout\">\r\n\t\t\t<div class=\"exad-row-wrapper\">\r\n\t\t\t\t\r\n<article class=\"exad-post-grid-three exad-col\">\r\n    <div class=\"exad-post-grid-container image-position-right exad-post-grid-equal-height-\">\r\n                    <figure class=\"exad-post-grid-thumbnail\">\r\n                <a href=\"https:\/\/d72.hu\/eng\/2025\/05\/29\/elkelt-a-d72-legnagyobb-villalakasa-mar-csak-nehany-exkluziv-otthon-var-gazdara\/\">\r\n                    <img fetchpriority=\"high\" decoding=\"async\" width=\"750\" height=\"422\" src=\"https:\/\/d72.hu\/wp-content\/uploads\/2023\/07\/D72-residence-kert-munkakozi-0006-1024x576.jpg\" class=\"attachment-large size-large wp-post-image\" alt=\"\" style=\"width:100%;height:56.25%;max-width:1920px\" \/>                <\/a>\r\n                \r\n                            <\/figure>\r\n        \t\t\r\n\t\t        <div class=\"exad-post-grid-body\">\r\n                                <ul class=\"exad-post-data show-avatar-no\">\r\n                                                                            <li class=\"exad-post-date\">\r\n                                <span>\r\n                                                                        <a href=\"https:\/\/d72.hu\/eng\/2025\/05\/29\/elkelt-a-d72-legnagyobb-villalakasa-mar-csak-nehany-exkluziv-otthon-var-gazdara\/\" class=\"exad-post-grid-author-date\">May 29, 2025<\/a>\r\n                                <\/span>                          \r\n                            <\/li> \r\n                           \r\n                    <\/ul>\r\n                \t\t\t\t\r\n\t\t\t\t\t\t\t\r\n                    <h3>\r\n\t\t\t\t\t\r\n\t\t\t\t\t\t\t\r\n                        <a href=\"https:\/\/d72.hu\/eng\/2025\/05\/29\/elkelt-a-d72-legnagyobb-villalakasa-mar-csak-nehany-exkluziv-otthon-var-gazdara\/\" class=\"exad-post-grid-title\">Elkelt a D72 legnagyobb villalak\u00e1sa \u2013 M\u00e1r csak n\u00e9h\u00e1ny exkluz\u00edv otthon v\u00e1r gazd\u00e1ra!<\/a>\r\n\t\t\t\t\r\n\t\t\t\t\t\t\t\t\t\r\n                    <\/h3>\r\n\t\t\t\t\t\r\n\t\t\t\t\t\t\t\t\r\n                                <div class=\"exad-post-grid-description\">\r\n                    \u00d6r\u00f6mmel jelentj\u00fck be, hogy a D72 legnagyobb \u00e9s egyik legk\u00fcl\u00f6nlegesebb villalak\u00e1sa, a B2-es lak\u00e1s, \u00faj tulajdonosra tal\u00e1lt! Ez egy \u00fajabb m\u00e9rf\u00f6ldk\u0151 a projekt \u00e9let\u00e9ben \u2013...                <\/div>\r\n                            <div class=\"exad-post-footer\"><a href=\"https:\/\/d72.hu\/eng\/2025\/05\/29\/elkelt-a-d72-legnagyobb-villalakasa-mar-csak-nehany-exkluziv-otthon-var-gazdara\/\" target=\"_blank\" class=\"read-more\">Tov\u00e1bb olvasom...<\/a><\/div>\r\n            \r\n        <\/div>\r\n        \t\t\r\n\t\t\t\t\r\n    <\/div>\r\n<\/article>\r\n\r\n<article class=\"exad-post-grid-three exad-col\">\r\n    <div class=\"exad-post-grid-container image-position-right exad-post-grid-equal-height-\">\r\n                    <figure class=\"exad-post-grid-thumbnail\">\r\n                <a href=\"https:\/\/d72.hu\/eng\/2025\/05\/15\/miert-erdemes-luxus-ingatlanba-fektetni\/\">\r\n                    <img decoding=\"async\" width=\"750\" height=\"422\" src=\"https:\/\/d72.hu\/wp-content\/uploads\/2022\/08\/D72-kulso4-1024x576.jpg\" class=\"attachment-large size-large wp-post-image\" alt=\"\" style=\"width:100%;height:56.25%;max-width:1280px\" \/>                <\/a>\r\n                \r\n                            <\/figure>\r\n        \t\t\r\n\t\t        <div class=\"exad-post-grid-body\">\r\n                                <ul class=\"exad-post-data show-avatar-no\">\r\n                                                                            <li class=\"exad-post-date\">\r\n                                <span>\r\n                                                                        <a href=\"https:\/\/d72.hu\/eng\/2025\/05\/15\/miert-erdemes-luxus-ingatlanba-fektetni\/\" class=\"exad-post-grid-author-date\">May 15, 2025<\/a>\r\n                                <\/span>                          \r\n                            <\/li> \r\n                           \r\n                    <\/ul>\r\n                \t\t\t\t\r\n\t\t\t\t\t\t\t\r\n                    <h3>\r\n\t\t\t\t\t\r\n\t\t\t\t\t\t\t\r\n                        <a href=\"https:\/\/d72.hu\/eng\/2025\/05\/15\/miert-erdemes-luxus-ingatlanba-fektetni\/\" class=\"exad-post-grid-title\">Mi\u00e9rt \u00e9rdemes luxus ingatlanba fektetni?<\/a>\r\n\t\t\t\t\r\n\t\t\t\t\t\t\t\t\t\r\n                    <\/h3>\r\n\t\t\t\t\t\r\n\t\t\t\t\t\t\t\t\r\n                                <div class=\"exad-post-grid-description\">\r\n                    \u00c9s mi\u00e9rt k\u00edn\u00e1l a D72 egyed\u00fcl\u00e1ll\u00f3 lehet\u0151s\u00e9get a pr\u00e9mium piacon? A luxus ingatlanokba t\u00f6rt\u00e9n\u0151 befektet\u00e9s nem csup\u00e1n p\u00e9nz\u00fcgyi d\u00f6nt\u00e9s, hanem \u00e9letst\u00edlus-v\u00e1laszt\u00e1s is. Az elm\u00falt \u00e9vtized...                <\/div>\r\n                            <div class=\"exad-post-footer\"><a href=\"https:\/\/d72.hu\/eng\/2025\/05\/15\/miert-erdemes-luxus-ingatlanba-fektetni\/\" target=\"_blank\" class=\"read-more\">Tov\u00e1bb olvasom...<\/a><\/div>\r\n            \r\n        <\/div>\r\n        \t\t\r\n\t\t\t\t\r\n    <\/div>\r\n<\/article>\r\n\r\n<article class=\"exad-post-grid-three exad-col\">\r\n    <div class=\"exad-post-grid-container image-position-right exad-post-grid-equal-height-\">\r\n                    <figure class=\"exad-post-grid-thumbnail\">\r\n                <a href=\"https:\/\/d72.hu\/eng\/2025\/03\/25\/egyedulallo-reszletfizetesi-lehetoseg\/\">\r\n                    <img decoding=\"async\" width=\"750\" height=\"358\" src=\"https:\/\/d72.hu\/wp-content\/uploads\/2022\/10\/galeria-1024x489.jpg\" class=\"attachment-large size-large wp-post-image\" alt=\"\" style=\"width:100%;height:47.73%;max-width:2560px\" \/>                <\/a>\r\n                \r\n                            <\/figure>\r\n        \t\t\r\n\t\t        <div class=\"exad-post-grid-body\">\r\n                                <ul class=\"exad-post-data show-avatar-no\">\r\n                                                                            <li class=\"exad-post-date\">\r\n                                <span>\r\n                                                                        <a href=\"https:\/\/d72.hu\/eng\/2025\/03\/25\/egyedulallo-reszletfizetesi-lehetoseg\/\" class=\"exad-post-grid-author-date\">March 25, 2025<\/a>\r\n                                <\/span>                          \r\n                            <\/li> \r\n                           \r\n                    <\/ul>\r\n                \t\t\t\t\r\n\t\t\t\t\t\t\t\r\n                    <h3>\r\n\t\t\t\t\t\r\n\t\t\t\t\t\t\t\r\n                        <a href=\"https:\/\/d72.hu\/eng\/2025\/03\/25\/egyedulallo-reszletfizetesi-lehetoseg\/\" class=\"exad-post-grid-title\">Egyed\u00fcl\u00e1ll\u00f3 r\u00e9szletfizet\u00e9si lehet\u0151s\u00e9g!<\/a>\r\n\t\t\t\t\r\n\t\t\t\t\t\t\t\t\t\r\n                    <\/h3>\r\n\t\t\t\t\t\r\n\t\t\t\t\t\t\t\t\r\n                                <div class=\"exad-post-grid-description\">\r\n                    A D72 Residence projekt a v\u00e9gs\u0151 f\u00e1zis\u00e1ba \u00e9rkezett, \u00e9s m\u00e1r csak n\u00e9h\u00e1ny h\u00f3nap v\u00e1laszt el minket att\u00f3l, hogy lak\u00f3ink birtokba vehess\u00e9k \u00faj otthonaikat. Ez az...                <\/div>\r\n                            <div class=\"exad-post-footer\"><a href=\"https:\/\/d72.hu\/eng\/2025\/03\/25\/egyedulallo-reszletfizetesi-lehetoseg\/\" target=\"_blank\" class=\"read-more\">Tov\u00e1bb olvasom...<\/a><\/div>\r\n            \r\n        <\/div>\r\n        \t\t\r\n\t\t\t\t\r\n    <\/div>\r\n<\/article>\r\n\r\n<article class=\"exad-post-grid-three exad-col\">\r\n    <div class=\"exad-post-grid-container image-position-right exad-post-grid-equal-height-\">\r\n                    <figure class=\"exad-post-grid-thumbnail\">\r\n                <a href=\"https:\/\/d72.hu\/eng\/2024\/05\/14\/d72-residence-a4-villalakas-eladva\/\">\r\n                    <img loading=\"lazy\" decoding=\"async\" width=\"750\" height=\"422\" src=\"https:\/\/d72.hu\/wp-content\/uploads\/2022\/07\/A467.73153-1024x576.jpg\" class=\"attachment-large size-large wp-post-image\" alt=\"\" style=\"width:100%;height:56.25%;max-width:1280px\" \/>                <\/a>\r\n                \r\n                            <\/figure>\r\n        \t\t\r\n\t\t        <div class=\"exad-post-grid-body\">\r\n                                <ul class=\"exad-post-data show-avatar-no\">\r\n                                                                            <li class=\"exad-post-date\">\r\n                                <span>\r\n                                                                        <a href=\"https:\/\/d72.hu\/eng\/2024\/05\/14\/d72-residence-a4-villalakas-eladva\/\" class=\"exad-post-grid-author-date\">May 14, 2024<\/a>\r\n                                <\/span>                          \r\n                            <\/li> \r\n                           \r\n                    <\/ul>\r\n                \t\t\t\t\r\n\t\t\t\t\t\t\t\r\n                    <h3>\r\n\t\t\t\t\t\r\n\t\t\t\t\t\t\t\r\n                        <a href=\"https:\/\/d72.hu\/eng\/2024\/05\/14\/d72-residence-a4-villalakas-eladva\/\" class=\"exad-post-grid-title\">A4 Villalak\u00e1s: ELADVA \ud83c\udf89<\/a>\r\n\t\t\t\t\r\n\t\t\t\t\t\t\t\t\t\r\n                    <\/h3>\r\n\t\t\t\t\t\r\n\t\t\t\t\t\t\t\t\r\n                                <div class=\"exad-post-grid-description\">\r\n                    K\u00f6sz\u00f6nj\u00fck a rengeteg \u00e9rdekl\u0151d\u00e9st a D72 Residence ingatlanprojekt ir\u00e1nt, az A4 Villalak\u00e1s is ELKELT! &nbsp; Nagy \u00f6r\u00f6mmel jelentj\u00fck be, hogy \u00fajabb m\u00e9rf\u00f6ldk\u0151h\u00f6z \u00e9rkezett a D72...                <\/div>\r\n                            <div class=\"exad-post-footer\"><a href=\"https:\/\/d72.hu\/eng\/2024\/05\/14\/d72-residence-a4-villalakas-eladva\/\" target=\"_blank\" class=\"read-more\">Tov\u00e1bb olvasom...<\/a><\/div>\r\n            \r\n        <\/div>\r\n        \t\t\r\n\t\t\t\t\r\n    <\/div>\r\n<\/article>\r\n\r\n<article class=\"exad-post-grid-three exad-col\">\r\n    <div class=\"exad-post-grid-container image-position-right exad-post-grid-equal-height-\">\r\n                    <figure class=\"exad-post-grid-thumbnail\">\r\n                <a href=\"https:\/\/d72.hu\/eng\/2024\/02\/22\/elado-lakasok-budapest-12-keruleteben-friss-hirek-az-epitkezesrol\/\">\r\n                    <img loading=\"lazy\" decoding=\"async\" width=\"750\" height=\"563\" src=\"https:\/\/d72.hu\/wp-content\/uploads\/2024\/02\/DJI_0555-1024x768.jpg\" class=\"attachment-large size-large wp-post-image\" alt=\"\" style=\"width:100%;height:75%;max-width:2560px\" \/>                <\/a>\r\n                \r\n                            <\/figure>\r\n        \t\t\r\n\t\t        <div class=\"exad-post-grid-body\">\r\n                                <ul class=\"exad-post-data show-avatar-no\">\r\n                                                                            <li class=\"exad-post-date\">\r\n                                <span>\r\n                                                                        <a href=\"https:\/\/d72.hu\/eng\/2024\/02\/22\/elado-lakasok-budapest-12-keruleteben-friss-hirek-az-epitkezesrol\/\" class=\"exad-post-grid-author-date\">February 22, 2024<\/a>\r\n                                <\/span>                          \r\n                            <\/li> \r\n                           \r\n                    <\/ul>\r\n                \t\t\t\t\r\n\t\t\t\t\t\t\t\r\n                    <h3>\r\n\t\t\t\t\t\r\n\t\t\t\t\t\t\t\r\n                        <a href=\"https:\/\/d72.hu\/eng\/2024\/02\/22\/elado-lakasok-budapest-12-keruleteben-friss-hirek-az-epitkezesrol\/\" class=\"exad-post-grid-title\">Friss h\u00edrek a Denev\u00e9r \u00fati \u00e9p\u00edtkez\u00e9sr\u0151l<\/a>\r\n\t\t\t\t\r\n\t\t\t\t\t\t\t\t\t\r\n                    <\/h3>\r\n\t\t\t\t\t\r\n\t\t\t\t\t\t\t\t\r\n                                <div class=\"exad-post-grid-description\">\r\n                    Nagy \u00f6r\u00f6mmel osztjuk meg a D72 Residence ingatlanprojekt friss fejlem\u00e9nyeit, melyek az \u00e9p\u00edtkez\u00e9ssel kapcsolatosak. A 2024 \u00e9v v\u00e9gi tervezett \u00e1tad\u00e1si hat\u00e1rid\u0151\u00e9rt mindent megtesz\u00fcnk, hogy teljes\u00fclj\u00f6n....                <\/div>\r\n                            <div class=\"exad-post-footer\"><a href=\"https:\/\/d72.hu\/eng\/2024\/02\/22\/elado-lakasok-budapest-12-keruleteben-friss-hirek-az-epitkezesrol\/\" target=\"_blank\" class=\"read-more\">Tov\u00e1bb olvasom...<\/a><\/div>\r\n            \r\n        <\/div>\r\n        \t\t\r\n\t\t\t\t\r\n    <\/div>\r\n<\/article>\r\n\r\n<article class=\"exad-post-grid-three exad-col\">\r\n    <div class=\"exad-post-grid-container image-position-right exad-post-grid-equal-height-\">\r\n                    <figure class=\"exad-post-grid-thumbnail\">\r\n                <a href=\"https:\/\/d72.hu\/eng\/2024\/02\/01\/elado-lakasok-budapest-12-keruleteben-zold-ovezetben\/\">\r\n                    <img fetchpriority=\"high\" decoding=\"async\" width=\"750\" height=\"422\" src=\"https:\/\/d72.hu\/wp-content\/uploads\/2023\/07\/D72-residence-kert-munkakozi-0006-1024x576.jpg\" class=\"attachment-large size-large wp-post-image\" alt=\"\" style=\"width:100%;height:56.25%;max-width:1920px\" \/>                <\/a>\r\n                \r\n                            <\/figure>\r\n        \t\t\r\n\t\t        <div class=\"exad-post-grid-body\">\r\n                                <ul class=\"exad-post-data show-avatar-no\">\r\n                                                                            <li class=\"exad-post-date\">\r\n                                <span>\r\n                                                                        <a href=\"https:\/\/d72.hu\/eng\/2024\/02\/01\/elado-lakasok-budapest-12-keruleteben-zold-ovezetben\/\" class=\"exad-post-grid-author-date\">February 1, 2024<\/a>\r\n                                <\/span>                          \r\n                            <\/li> \r\n                           \r\n                    <\/ul>\r\n                \t\t\t\t\r\n\t\t\t\t\t\t\t\r\n                    <h3>\r\n\t\t\t\t\t\r\n\t\t\t\t\t\t\t\r\n                        <a href=\"https:\/\/d72.hu\/eng\/2024\/02\/01\/elado-lakasok-budapest-12-keruleteben-zold-ovezetben\/\" class=\"exad-post-grid-title\">Apartments for sale in the 12th district of Budapest, in a green area<\/a>\r\n\t\t\t\t\r\n\t\t\t\t\t\t\t\t\t\r\n                    <\/h3>\r\n\t\t\t\t\t\r\n\t\t\t\t\t\t\t\t\r\n                                <div class=\"exad-post-grid-description\">\r\n                    Elad\u00f3 lak\u00e1sok Budapest 12. ker\u00fclet\u00e9ben, z\u00f6ld \u00f6vezetben \u00a0 A D72 Residence egyedi adotts\u00e1g\u00fa, exkluz\u00edv villaparkprojektnek otthont ad\u00f3 m\u00e1rtonhegyi telek sok szempontb\u00f3l kiv\u00e9teles. Az erd\u0151 k\u00f6zvetlen...                <\/div>\r\n                            <div class=\"exad-post-footer\"><a href=\"https:\/\/d72.hu\/eng\/2024\/02\/01\/elado-lakasok-budapest-12-keruleteben-zold-ovezetben\/\" target=\"_blank\" class=\"read-more\">Tov\u00e1bb olvasom...<\/a><\/div>\r\n            \r\n        <\/div>\r\n        \t\t\r\n\t\t\t\t\r\n    <\/div>\r\n<\/article>\r\n    \r\n\t\t\t<\/div>\r\n\t\t\t<div class=\"exad-post-grid-load-btn\">\r\n\t\t\t\t\t\t\t<\/div>\r\n\t\t<\/div>\r\n\r\n\t\t\t<\/div>\n\t\t\t\t<\/div>\n\t\t\t\t\t<\/div>\n\t\t<\/div>\n\t\t\t\t\t<\/div>\n\t\t<\/section>\n\t\t\t\t<\/div>","protected":false},"excerpt":{"rendered":"<p>febru\u00e1r 1, 2024 Elad\u00f3 lak\u00e1sok Budapest 12. ker\u00fclet\u00e9ben, z\u00f6ld \u00f6vezetben Elad\u00f3 lak\u00e1sok Budapest 12. ker\u00fclet\u00e9ben, z\u00f6ld \u00f6vezetben Sz\u00e9p kil\u00e1t\u00e1ssal Tov\u00e1bb olvasom&#8230;<\/p>","protected":false},"author":4,"featured_media":0,"parent":0,"menu_order":0,"comment_status":"closed","ping_status":"closed","template":"elementor_header_footer","meta":{"footnotes":""},"class_list":["post-4675","page","type-page","status-publish","hentry","entry"],"yoast_head":"<!-- This site is optimized with the Yoast SEO plugin v20.0 - https:\/\/yoast.com\/wordpress\/plugins\/seo\/ -->\n<title>Blog - d72<\/title>\n<meta name=\"description\" content=\"D72 Residence - Priv\u00e1t Luxus a XII. ker\u00fcletben. Tekintse meg 7 db \u00faj\u00e9p\u00edt\u00e9s\u0171 villalak\u00e1sainkl\u00e1tv\u00e1nyterveit. N\u00e9zzen sz\u00e9t a gal\u00e9ri\u00e1nkban \u00e9s fedezze fel a k\u00f6rny\u00e9ket!\" \/>\n<meta name=\"robots\" content=\"index, follow, max-snippet:-1, max-image-preview:large, max-video-preview:-1\" \/>\n<link rel=\"canonical\" href=\"https:\/\/d72.hu\/eng\/blog\/\" \/>\n<meta property=\"og:locale\" content=\"en_GB\" \/>\n<meta property=\"og:type\" content=\"article\" \/>\n<meta property=\"og:title\" content=\"Blog - d72\" \/>\n<meta property=\"og:description\" content=\"D72 Residence - Priv\u00e1t Luxus a XII. ker\u00fcletben. Tekintse meg 7 db \u00faj\u00e9p\u00edt\u00e9s\u0171 villalak\u00e1sainkl\u00e1tv\u00e1nyterveit. N\u00e9zzen sz\u00e9t a gal\u00e9ri\u00e1nkban \u00e9s fedezze fel a k\u00f6rny\u00e9ket!\" \/>\n<meta property=\"og:url\" content=\"https:\/\/d72.hu\/eng\/blog\/\" \/>\n<meta property=\"og:site_name\" content=\"d72\" \/>\n<meta property=\"article:publisher\" content=\"https:\/\/www.facebook.com\/d72residence\" \/>\n<meta property=\"article:modified_time\" content=\"2024-02-01T09:59:34+00:00\" \/>\n<meta property=\"og:image\" content=\"https:\/\/d72.hu\/wp-content\/uploads\/2023\/07\/D72-residence-kert-munkakozi-0006-1024x576.jpg\" \/>\n<meta name=\"twitter:card\" content=\"summary_large_image\" \/>\n<meta name=\"twitter:label1\" content=\"Est. reading time\" \/>\n\t<meta name=\"twitter:data1\" content=\"1 minute\" \/>\n<script type=\"application\/ld+json\" class=\"yoast-schema-graph\">{\"@context\":\"https:\/\/schema.org\",\"@graph\":[{\"@type\":\"WebPage\",\"@id\":\"https:\/\/d72.hu\/blog\/\",\"url\":\"https:\/\/d72.hu\/blog\/\",\"name\":\"Blog - d72\",\"isPartOf\":{\"@id\":\"https:\/\/d72.hu\/#website\"},\"datePublished\":\"2024-02-01T08:13:13+00:00\",\"dateModified\":\"2024-02-01T09:59:34+00:00\",\"description\":\"D72 Residence - Priv\u00e1t Luxus a XII. ker\u00fcletben. Tekintse meg 7 db \u00faj\u00e9p\u00edt\u00e9s\u0171 villalak\u00e1sainkl\u00e1tv\u00e1nyterveit. N\u00e9zzen sz\u00e9t a gal\u00e9ri\u00e1nkban \u00e9s fedezze fel a k\u00f6rny\u00e9ket!\",\"breadcrumb\":{\"@id\":\"https:\/\/d72.hu\/blog\/#breadcrumb\"},\"inLanguage\":\"en-GB\",\"potentialAction\":[{\"@type\":\"ReadAction\",\"target\":[\"https:\/\/d72.hu\/blog\/\"]}]},{\"@type\":\"BreadcrumbList\",\"@id\":\"https:\/\/d72.hu\/blog\/#breadcrumb\",\"itemListElement\":[{\"@type\":\"ListItem\",\"position\":1,\"name\":\"Home\",\"item\":\"https:\/\/d72.hu\/\"},{\"@type\":\"ListItem\",\"position\":2,\"name\":\"Blog\"}]},{\"@type\":\"WebSite\",\"@id\":\"https:\/\/d72.hu\/#website\",\"url\":\"https:\/\/d72.hu\/\",\"name\":\"d72\",\"description\":\"Residence \u2013 Priv\u00e1t Luxus\",\"publisher\":{\"@id\":\"https:\/\/d72.hu\/#organization\"},\"potentialAction\":[{\"@type\":\"SearchAction\",\"target\":{\"@type\":\"EntryPoint\",\"urlTemplate\":\"https:\/\/d72.hu\/?s={search_term_string}\"},\"query-input\":\"required name=search_term_string\"}],\"inLanguage\":\"en-GB\"},{\"@type\":\"Organization\",\"@id\":\"https:\/\/d72.hu\/#organization\",\"name\":\"d72\",\"url\":\"https:\/\/d72.hu\/\",\"logo\":{\"@type\":\"ImageObject\",\"inLanguage\":\"en-GB\",\"@id\":\"https:\/\/d72.hu\/#\/schema\/logo\/image\/\",\"url\":\"https:\/\/d72.hu\/wp-content\/uploads\/2022\/06\/favicon.png\",\"contentUrl\":\"https:\/\/d72.hu\/wp-content\/uploads\/2022\/06\/favicon.png\",\"width\":64,\"height\":64,\"caption\":\"d72\"},\"image\":{\"@id\":\"https:\/\/d72.hu\/#\/schema\/logo\/image\/\"},\"sameAs\":[\"https:\/\/www.instagram.com\/d72residence\/\",\"https:\/\/www.facebook.com\/d72residence\"]}]}<\/script>\n<!-- \/ Yoast SEO plugin. -->","yoast_head_json":{"title":"Blog - d72","description":"D72 Residence - Priv\u00e1t Luxus a XII. ker\u00fcletben. Tekintse meg 7 db \u00faj\u00e9p\u00edt\u00e9s\u0171 villalak\u00e1sainkl\u00e1tv\u00e1nyterveit. N\u00e9zzen sz\u00e9t a gal\u00e9ri\u00e1nkban \u00e9s fedezze fel a k\u00f6rny\u00e9ket!","robots":{"index":"index","follow":"follow","max-snippet":"max-snippet:-1","max-image-preview":"max-image-preview:large","max-video-preview":"max-video-preview:-1"},"canonical":"https:\/\/d72.hu\/eng\/blog\/","og_locale":"en_GB","og_type":"article","og_title":"Blog - d72","og_description":"D72 Residence - Priv\u00e1t Luxus a XII. ker\u00fcletben. Tekintse meg 7 db \u00faj\u00e9p\u00edt\u00e9s\u0171 villalak\u00e1sainkl\u00e1tv\u00e1nyterveit. N\u00e9zzen sz\u00e9t a gal\u00e9ri\u00e1nkban \u00e9s fedezze fel a k\u00f6rny\u00e9ket!","og_url":"https:\/\/d72.hu\/eng\/blog\/","og_site_name":"d72","article_publisher":"https:\/\/www.facebook.com\/d72residence","article_modified_time":"2024-02-01T09:59:34+00:00","og_image":[{"url":"https:\/\/d72.hu\/wp-content\/uploads\/2023\/07\/D72-residence-kert-munkakozi-0006-1024x576.jpg"}],"twitter_card":"summary_large_image","twitter_misc":{"Est. reading time":"1 minute"},"schema":{"@context":"https:\/\/schema.org","@graph":[{"@type":"WebPage","@id":"https:\/\/d72.hu\/blog\/","url":"https:\/\/d72.hu\/blog\/","name":"Blog - d72","isPartOf":{"@id":"https:\/\/d72.hu\/#website"},"datePublished":"2024-02-01T08:13:13+00:00","dateModified":"2024-02-01T09:59:34+00:00","description":"D72 Residence - Priv\u00e1t Luxus a XII. ker\u00fcletben. Tekintse meg 7 db \u00faj\u00e9p\u00edt\u00e9s\u0171 villalak\u00e1sainkl\u00e1tv\u00e1nyterveit. N\u00e9zzen sz\u00e9t a gal\u00e9ri\u00e1nkban \u00e9s fedezze fel a k\u00f6rny\u00e9ket!","breadcrumb":{"@id":"https:\/\/d72.hu\/blog\/#breadcrumb"},"inLanguage":"en-GB","potentialAction":[{"@type":"ReadAction","target":["https:\/\/d72.hu\/blog\/"]}]},{"@type":"BreadcrumbList","@id":"https:\/\/d72.hu\/blog\/#breadcrumb","itemListElement":[{"@type":"ListItem","position":1,"name":"Home","item":"https:\/\/d72.hu\/"},{"@type":"ListItem","position":2,"name":"Blog"}]},{"@type":"WebSite","@id":"https:\/\/d72.hu\/#website","url":"https:\/\/d72.hu\/","name":"d72","description":"Residence \u2013 Priv\u00e1t Luxus","publisher":{"@id":"https:\/\/d72.hu\/#organization"},"potentialAction":[{"@type":"SearchAction","target":{"@type":"EntryPoint","urlTemplate":"https:\/\/d72.hu\/?s={search_term_string}"},"query-input":"required name=search_term_string"}],"inLanguage":"en-GB"},{"@type":"Organization","@id":"https:\/\/d72.hu\/#organization","name":"d72","url":"https:\/\/d72.hu\/","logo":{"@type":"ImageObject","inLanguage":"en-GB","@id":"https:\/\/d72.hu\/#\/schema\/logo\/image\/","url":"https:\/\/d72.hu\/wp-content\/uploads\/2022\/06\/favicon.png","contentUrl":"https:\/\/d72.hu\/wp-content\/uploads\/2022\/06\/favicon.png","width":64,"height":64,"caption":"d72"},"image":{"@id":"https:\/\/d72.hu\/#\/schema\/logo\/image\/"},"sameAs":["https:\/\/www.instagram.com\/d72residence\/","https:\/\/www.facebook.com\/d72residence"]}]}},"_links":{"self":[{"href":"https:\/\/d72.hu\/eng\/wp-json\/wp\/v2\/pages\/4675","targetHints":{"allow":["GET"]}}],"collection":[{"href":"https:\/\/d72.hu\/eng\/wp-json\/wp\/v2\/pages"}],"about":[{"href":"https:\/\/d72.hu\/eng\/wp-json\/wp\/v2\/types\/page"}],"author":[{"embeddable":true,"href":"https:\/\/d72.hu\/eng\/wp-json\/wp\/v2\/users\/4"}],"replies":[{"embeddable":true,"href":"https:\/\/d72.hu\/eng\/wp-json\/wp\/v2\/comments?post=4675"}],"version-history":[{"count":37,"href":"https:\/\/d72.hu\/eng\/wp-json\/wp\/v2\/pages\/4675\/revisions"}],"predecessor-version":[{"id":4875,"href":"https:\/\/d72.hu\/eng\/wp-json\/wp\/v2\/pages\/4675\/revisions\/4875"}],"wp:attachment":[{"href":"https:\/\/d72.hu\/eng\/wp-json\/wp\/v2\/media?parent=4675"}],"curies":[{"name":"wp","href":"https:\/\/api.w.org\/{rel}","templated":true}]}}