{"id":3765,"date":"2023-01-29T10:40:49","date_gmt":"2023-01-29T10:40:49","guid":{"rendered":"https:\/\/d72.hu\/?page_id=3765"},"modified":"2023-01-30T09:22:27","modified_gmt":"2023-01-30T09:22:27","slug":"koszonjuk","status":"publish","type":"page","link":"https:\/\/d72.hu\/eng\/koszonjuk\/","title":{"rendered":"K\u00f6sz\u00f6nj\u00fck"},"content":{"rendered":"<div data-elementor-type=\"wp-page\" data-elementor-id=\"3765\" class=\"elementor elementor-3765\">\n\t\t\t\t\t\t<section class=\"elementor-section elementor-top-section elementor-element elementor-element-8ef4337 elementor-section-height-min-height elementor-section-boxed elementor-section-height-default elementor-section-items-middle exad-glass-effect-no exad-sticky-section-no\" data-id=\"8ef4337\" data-element_type=\"section\" data-settings=\"{&quot;background_background&quot;:&quot;classic&quot;}\">\n\t\t\t\t\t\t\t<div class=\"elementor-background-overlay\"><\/div>\n\t\t\t\t\t\t\t<div class=\"elementor-container elementor-column-gap-default\">\n\t\t\t\t\t<div class=\"elementor-column elementor-col-100 elementor-top-column elementor-element elementor-element-444e34a exad-glass-effect-no exad-sticky-section-no\" data-id=\"444e34a\" data-element_type=\"column\">\n\t\t\t<div class=\"elementor-widget-wrap elementor-element-populated\">\n\t\t\t\t\t\t<div class=\"elementor-element elementor-element-daa2dab exad-sticky-section-no exad-glass-effect-no elementor-widget elementor-widget-text-editor\" data-id=\"daa2dab\" data-element_type=\"widget\" data-widget_type=\"text-editor.default\">\n\t\t\t\t<div class=\"elementor-widget-container\">\n\t\t\t<style>\/*! elementor - v3.22.0 - 26-06-2024 *\/\n.elementor-widget-text-editor.elementor-drop-cap-view-stacked .elementor-drop-cap{background-color:#69727d;color:#fff}.elementor-widget-text-editor.elementor-drop-cap-view-framed .elementor-drop-cap{color:#69727d;border:3px solid;background-color:transparent}.elementor-widget-text-editor:not(.elementor-drop-cap-view-default) .elementor-drop-cap{margin-top:8px}.elementor-widget-text-editor:not(.elementor-drop-cap-view-default) .elementor-drop-cap-letter{width:1em;height:1em}.elementor-widget-text-editor .elementor-drop-cap{float:left;text-align:center;line-height:1;font-size:50px}.elementor-widget-text-editor .elementor-drop-cap-letter{display:inline-block}<\/style>\t\t\t\t<p>THANK YOU for your inquiry! We will answer your message soon!<\/p><p><strong>D72 Residence<\/strong><\/p><p><span style=\"text-decoration: underline;\"><a href=\"https:\/\/d72.hu\/eng\/\">By clicking here, you will be redirected to the home page of our website<\/a><\/span><\/p>\t\t\t\t\t\t<\/div>\n\t\t\t\t<\/div>\n\t\t\t\t\t<\/div>\n\t\t<\/div>\n\t\t\t\t\t<\/div>\n\t\t<\/section>\n\t\t\t\t<\/div>","protected":false},"excerpt":{"rendered":"<p>K\u00d6SZ\u00d6NJ\u00dcK megkeres\u00e9s\u00e9t! \u00dczenet\u00e9re hamarosan v\u00e1laszolunk! D72 Residence Ide kattintva visszair\u00e1ny\u00edtjuk a honlapunk kezd\u0151oldal\u00e1ra<\/p>","protected":false},"author":1,"featured_media":0,"parent":0,"menu_order":0,"comment_status":"closed","ping_status":"closed","template":"elementor_header_footer","meta":{"footnotes":""},"class_list":["post-3765","page","type-page","status-publish","hentry","entry"],"yoast_head":"<!-- This site is optimized with the Yoast SEO plugin v20.0 - https:\/\/yoast.com\/wordpress\/plugins\/seo\/ -->\n<title>K\u00f6sz\u00f6nj\u00fck - d72<\/title>\n<meta name=\"robots\" content=\"index, follow, max-snippet:-1, max-image-preview:large, max-video-preview:-1\" \/>\n<link rel=\"canonical\" href=\"https:\/\/d72.hu\/eng\/koszonjuk\/\" \/>\n<meta property=\"og:locale\" content=\"en_GB\" \/>\n<meta property=\"og:type\" content=\"article\" \/>\n<meta property=\"og:title\" content=\"K\u00f6sz\u00f6nj\u00fck - d72\" \/>\n<meta property=\"og:description\" content=\"K\u00d6SZ\u00d6NJ\u00dcK megkeres\u00e9s\u00e9t! \u00dczenet\u00e9re hamarosan v\u00e1laszolunk! D72 Residence Ide kattintva visszair\u00e1ny\u00edtjuk a honlapunk kezd\u0151oldal\u00e1ra\" \/>\n<meta property=\"og:url\" content=\"https:\/\/d72.hu\/eng\/koszonjuk\/\" \/>\n<meta property=\"og:site_name\" content=\"d72\" \/>\n<meta property=\"article:publisher\" content=\"https:\/\/www.facebook.com\/d72residence\" \/>\n<meta property=\"article:modified_time\" content=\"2023-01-30T09:22:27+00:00\" \/>\n<meta property=\"og:image\" content=\"https:\/\/d72.hu\/wp-content\/uploads\/2022\/07\/apartments-center.jpg\" \/>\n\t<meta property=\"og:image:width\" content=\"1581\" \/>\n\t<meta property=\"og:image:height\" content=\"889\" \/>\n\t<meta property=\"og:image:type\" content=\"image\/jpeg\" \/>\n<meta name=\"twitter:card\" content=\"summary_large_image\" \/>\n<meta name=\"twitter:label1\" content=\"Est. reading time\" \/>\n\t<meta name=\"twitter:data1\" content=\"1 minute\" \/>\n<script type=\"application\/ld+json\" class=\"yoast-schema-graph\">{\"@context\":\"https:\/\/schema.org\",\"@graph\":[{\"@type\":\"WebPage\",\"@id\":\"https:\/\/d72.hu\/koszonjuk\/\",\"url\":\"https:\/\/d72.hu\/koszonjuk\/\",\"name\":\"K\u00f6sz\u00f6nj\u00fck - d72\",\"isPartOf\":{\"@id\":\"https:\/\/d72.hu\/#website\"},\"datePublished\":\"2023-01-29T10:40:49+00:00\",\"dateModified\":\"2023-01-30T09:22:27+00:00\",\"breadcrumb\":{\"@id\":\"https:\/\/d72.hu\/koszonjuk\/#breadcrumb\"},\"inLanguage\":\"en-GB\",\"potentialAction\":[{\"@type\":\"ReadAction\",\"target\":[\"https:\/\/d72.hu\/koszonjuk\/\"]}]},{\"@type\":\"BreadcrumbList\",\"@id\":\"https:\/\/d72.hu\/koszonjuk\/#breadcrumb\",\"itemListElement\":[{\"@type\":\"ListItem\",\"position\":1,\"name\":\"Home\",\"item\":\"https:\/\/d72.hu\/\"},{\"@type\":\"ListItem\",\"position\":2,\"name\":\"K\u00f6sz\u00f6nj\u00fck\"}]},{\"@type\":\"WebSite\",\"@id\":\"https:\/\/d72.hu\/#website\",\"url\":\"https:\/\/d72.hu\/\",\"name\":\"d72\",\"description\":\"Residence \u2013 Priv\u00e1t Luxus\",\"publisher\":{\"@id\":\"https:\/\/d72.hu\/#organization\"},\"potentialAction\":[{\"@type\":\"SearchAction\",\"target\":{\"@type\":\"EntryPoint\",\"urlTemplate\":\"https:\/\/d72.hu\/?s={search_term_string}\"},\"query-input\":\"required name=search_term_string\"}],\"inLanguage\":\"en-GB\"},{\"@type\":\"Organization\",\"@id\":\"https:\/\/d72.hu\/#organization\",\"name\":\"d72\",\"url\":\"https:\/\/d72.hu\/\",\"logo\":{\"@type\":\"ImageObject\",\"inLanguage\":\"en-GB\",\"@id\":\"https:\/\/d72.hu\/#\/schema\/logo\/image\/\",\"url\":\"https:\/\/d72.hu\/wp-content\/uploads\/2022\/06\/favicon.png\",\"contentUrl\":\"https:\/\/d72.hu\/wp-content\/uploads\/2022\/06\/favicon.png\",\"width\":64,\"height\":64,\"caption\":\"d72\"},\"image\":{\"@id\":\"https:\/\/d72.hu\/#\/schema\/logo\/image\/\"},\"sameAs\":[\"https:\/\/www.instagram.com\/d72residence\/\",\"https:\/\/www.facebook.com\/d72residence\"]}]}<\/script>\n<!-- \/ Yoast SEO plugin. -->","yoast_head_json":{"title":"K\u00f6sz\u00f6nj\u00fck - d72","robots":{"index":"index","follow":"follow","max-snippet":"max-snippet:-1","max-image-preview":"max-image-preview:large","max-video-preview":"max-video-preview:-1"},"canonical":"https:\/\/d72.hu\/eng\/koszonjuk\/","og_locale":"en_GB","og_type":"article","og_title":"K\u00f6sz\u00f6nj\u00fck - d72","og_description":"K\u00d6SZ\u00d6NJ\u00dcK megkeres\u00e9s\u00e9t! \u00dczenet\u00e9re hamarosan v\u00e1laszolunk! D72 Residence Ide kattintva visszair\u00e1ny\u00edtjuk a honlapunk kezd\u0151oldal\u00e1ra","og_url":"https:\/\/d72.hu\/eng\/koszonjuk\/","og_site_name":"d72","article_publisher":"https:\/\/www.facebook.com\/d72residence","article_modified_time":"2023-01-30T09:22:27+00:00","og_image":[{"width":1581,"height":889,"url":"https:\/\/d72.hu\/wp-content\/uploads\/2022\/07\/apartments-center.jpg","type":"image\/jpeg"}],"twitter_card":"summary_large_image","twitter_misc":{"Est. reading time":"1 minute"},"schema":{"@context":"https:\/\/schema.org","@graph":[{"@type":"WebPage","@id":"https:\/\/d72.hu\/koszonjuk\/","url":"https:\/\/d72.hu\/koszonjuk\/","name":"K\u00f6sz\u00f6nj\u00fck - d72","isPartOf":{"@id":"https:\/\/d72.hu\/#website"},"datePublished":"2023-01-29T10:40:49+00:00","dateModified":"2023-01-30T09:22:27+00:00","breadcrumb":{"@id":"https:\/\/d72.hu\/koszonjuk\/#breadcrumb"},"inLanguage":"en-GB","potentialAction":[{"@type":"ReadAction","target":["https:\/\/d72.hu\/koszonjuk\/"]}]},{"@type":"BreadcrumbList","@id":"https:\/\/d72.hu\/koszonjuk\/#breadcrumb","itemListElement":[{"@type":"ListItem","position":1,"name":"Home","item":"https:\/\/d72.hu\/"},{"@type":"ListItem","position":2,"name":"K\u00f6sz\u00f6nj\u00fck"}]},{"@type":"WebSite","@id":"https:\/\/d72.hu\/#website","url":"https:\/\/d72.hu\/","name":"d72","description":"Residence \u2013 Priv\u00e1t Luxus","publisher":{"@id":"https:\/\/d72.hu\/#organization"},"potentialAction":[{"@type":"SearchAction","target":{"@type":"EntryPoint","urlTemplate":"https:\/\/d72.hu\/?s={search_term_string}"},"query-input":"required name=search_term_string"}],"inLanguage":"en-GB"},{"@type":"Organization","@id":"https:\/\/d72.hu\/#organization","name":"d72","url":"https:\/\/d72.hu\/","logo":{"@type":"ImageObject","inLanguage":"en-GB","@id":"https:\/\/d72.hu\/#\/schema\/logo\/image\/","url":"https:\/\/d72.hu\/wp-content\/uploads\/2022\/06\/favicon.png","contentUrl":"https:\/\/d72.hu\/wp-content\/uploads\/2022\/06\/favicon.png","width":64,"height":64,"caption":"d72"},"image":{"@id":"https:\/\/d72.hu\/#\/schema\/logo\/image\/"},"sameAs":["https:\/\/www.instagram.com\/d72residence\/","https:\/\/www.facebook.com\/d72residence"]}]}},"_links":{"self":[{"href":"https:\/\/d72.hu\/eng\/wp-json\/wp\/v2\/pages\/3765","targetHints":{"allow":["GET"]}}],"collection":[{"href":"https:\/\/d72.hu\/eng\/wp-json\/wp\/v2\/pages"}],"about":[{"href":"https:\/\/d72.hu\/eng\/wp-json\/wp\/v2\/types\/page"}],"author":[{"embeddable":true,"href":"https:\/\/d72.hu\/eng\/wp-json\/wp\/v2\/users\/1"}],"replies":[{"embeddable":true,"href":"https:\/\/d72.hu\/eng\/wp-json\/wp\/v2\/comments?post=3765"}],"version-history":[{"count":44,"href":"https:\/\/d72.hu\/eng\/wp-json\/wp\/v2\/pages\/3765\/revisions"}],"predecessor-version":[{"id":3812,"href":"https:\/\/d72.hu\/eng\/wp-json\/wp\/v2\/pages\/3765\/revisions\/3812"}],"wp:attachment":[{"href":"https:\/\/d72.hu\/eng\/wp-json\/wp\/v2\/media?parent=3765"}],"curies":[{"name":"wp","href":"https:\/\/api.w.org\/{rel}","templated":true}]}}