{"id":1400,"date":"2022-07-11T17:47:24","date_gmt":"2022-07-11T17:47:24","guid":{"rendered":"https:\/\/d72.hu\/?page_id=1400"},"modified":"2022-10-28T15:36:09","modified_gmt":"2022-10-28T15:36:09","slug":"elhelyezkedes","status":"publish","type":"page","link":"https:\/\/d72.hu\/eng\/elhelyezkedes\/","title":{"rendered":"Location"},"content":{"rendered":"<div data-elementor-type=\"wp-page\" data-elementor-id=\"1400\" class=\"elementor elementor-1400\">\n\t\t\t\t\t\t<section class=\"elementor-section elementor-top-section elementor-element elementor-element-73874f5d elementor-section-content-top elementor-section-boxed elementor-section-height-default elementor-section-height-default exad-glass-effect-no exad-sticky-section-no\" data-id=\"73874f5d\" data-element_type=\"section\">\n\t\t\t\t\t\t<div class=\"elementor-container elementor-column-gap-no\">\n\t\t\t\t\t<div class=\"elementor-column elementor-col-50 elementor-top-column elementor-element elementor-element-74284b97 exad-glass-effect-no exad-sticky-section-no\" data-id=\"74284b97\" data-element_type=\"column\">\n\t\t\t<div class=\"elementor-widget-wrap elementor-element-populated\">\n\t\t\t\t\t\t<div class=\"elementor-element elementor-element-179d82bd elementor-absolute exad-sticky-section-no exad-glass-effect-no elementor-widget elementor-widget-image\" data-id=\"179d82bd\" data-element_type=\"widget\" id=\"elhelyezkedes-image\" data-settings=\"{&quot;_position&quot;:&quot;absolute&quot;}\" data-widget_type=\"image.default\">\n\t\t\t\t<div class=\"elementor-widget-container\">\n\t\t\t<style>\/*! elementor - v3.22.0 - 26-06-2024 *\/\n.elementor-widget-image{text-align:center}.elementor-widget-image a{display:inline-block}.elementor-widget-image a img[src$=\".svg\"]{width:48px}.elementor-widget-image img{vertical-align:middle;display:inline-block}<\/style>\t\t\t\t\t\t\t\t\t\t<img fetchpriority=\"high\" decoding=\"async\" width=\"1400\" height=\"1832\" src=\"https:\/\/d72.hu\/wp-content\/uploads\/2022\/10\/kornyek.jpg\" class=\"attachment-full size-full wp-image-3631\" alt=\"\" srcset=\"https:\/\/d72.hu\/wp-content\/uploads\/2022\/10\/kornyek.jpg 1400w, https:\/\/d72.hu\/wp-content\/uploads\/2022\/10\/kornyek-229x300.jpg 229w, https:\/\/d72.hu\/wp-content\/uploads\/2022\/10\/kornyek-783x1024.jpg 783w, https:\/\/d72.hu\/wp-content\/uploads\/2022\/10\/kornyek-768x1005.jpg 768w, https:\/\/d72.hu\/wp-content\/uploads\/2022\/10\/kornyek-1174x1536.jpg 1174w, https:\/\/d72.hu\/wp-content\/uploads\/2022\/10\/kornyek-9x12.jpg 9w\" sizes=\"(max-width: 1400px) 100vw, 1400px\" style=\"width:100%;height:130.86%;max-width:1400px\" \/>\t\t\t\t\t\t\t\t\t\t\t\t\t<\/div>\n\t\t\t\t<\/div>\n\t\t\t\t\t<\/div>\n\t\t<\/div>\n\t\t\t\t<div class=\"elementor-column elementor-col-50 elementor-top-column elementor-element elementor-element-7d6b4f7e exad-glass-effect-no exad-sticky-section-no\" data-id=\"7d6b4f7e\" data-element_type=\"column\" data-settings=\"{&quot;background_background&quot;:&quot;classic&quot;}\">\n\t\t\t<div class=\"elementor-widget-wrap elementor-element-populated\">\n\t\t\t\t\t\t<div class=\"elementor-element elementor-element-1662c81 exad-sticky-section-no exad-glass-effect-no elementor-widget elementor-widget-heading\" data-id=\"1662c81\" data-element_type=\"widget\" data-widget_type=\"heading.default\">\n\t\t\t\t<div class=\"elementor-widget-container\">\n\t\t\t<style>\/*! elementor - v3.22.0 - 26-06-2024 *\/\n.elementor-heading-title{padding:0;margin:0;line-height:1}.elementor-widget-heading .elementor-heading-title[class*=elementor-size-]>a{color:inherit;font-size:inherit;line-height:inherit}.elementor-widget-heading .elementor-heading-title.elementor-size-small{font-size:15px}.elementor-widget-heading .elementor-heading-title.elementor-size-medium{font-size:19px}.elementor-widget-heading .elementor-heading-title.elementor-size-large{font-size:29px}.elementor-widget-heading .elementor-heading-title.elementor-size-xl{font-size:39px}.elementor-widget-heading .elementor-heading-title.elementor-size-xxl{font-size:59px}<\/style><h2 class=\"elementor-heading-title elementor-size-default\">Surroundings<\/h2>\t\t<\/div>\n\t\t\t\t<\/div>\n\t\t\t\t<div class=\"elementor-element elementor-element-638d8b8 elementor-widget-divider--view-line exad-sticky-section-no exad-glass-effect-no elementor-widget elementor-widget-divider\" data-id=\"638d8b8\" data-element_type=\"widget\" id=\"location-divider\" data-widget_type=\"divider.default\">\n\t\t\t\t<div class=\"elementor-widget-container\">\n\t\t\t<style>\/*! elementor - v3.22.0 - 26-06-2024 *\/\n.elementor-widget-divider{--divider-border-style:none;--divider-border-width:1px;--divider-color:#0c0d0e;--divider-icon-size:20px;--divider-element-spacing:10px;--divider-pattern-height:24px;--divider-pattern-size:20px;--divider-pattern-url:none;--divider-pattern-repeat:repeat-x}.elementor-widget-divider .elementor-divider{display:flex}.elementor-widget-divider .elementor-divider__text{font-size:15px;line-height:1;max-width:95%}.elementor-widget-divider .elementor-divider__element{margin:0 var(--divider-element-spacing);flex-shrink:0}.elementor-widget-divider .elementor-icon{font-size:var(--divider-icon-size)}.elementor-widget-divider .elementor-divider-separator{display:flex;margin:0;direction:ltr}.elementor-widget-divider--view-line_icon .elementor-divider-separator,.elementor-widget-divider--view-line_text .elementor-divider-separator{align-items:center}.elementor-widget-divider--view-line_icon .elementor-divider-separator:after,.elementor-widget-divider--view-line_icon .elementor-divider-separator:before,.elementor-widget-divider--view-line_text .elementor-divider-separator:after,.elementor-widget-divider--view-line_text .elementor-divider-separator:before{display:block;content:\"\";border-block-end:0;flex-grow:1;border-block-start:var(--divider-border-width) var(--divider-border-style) var(--divider-color)}.elementor-widget-divider--element-align-left .elementor-divider .elementor-divider-separator>.elementor-divider__svg:first-of-type{flex-grow:0;flex-shrink:100}.elementor-widget-divider--element-align-left .elementor-divider-separator:before{content:none}.elementor-widget-divider--element-align-left .elementor-divider__element{margin-left:0}.elementor-widget-divider--element-align-right .elementor-divider .elementor-divider-separator>.elementor-divider__svg:last-of-type{flex-grow:0;flex-shrink:100}.elementor-widget-divider--element-align-right .elementor-divider-separator:after{content:none}.elementor-widget-divider--element-align-right .elementor-divider__element{margin-right:0}.elementor-widget-divider--element-align-start .elementor-divider .elementor-divider-separator>.elementor-divider__svg:first-of-type{flex-grow:0;flex-shrink:100}.elementor-widget-divider--element-align-start .elementor-divider-separator:before{content:none}.elementor-widget-divider--element-align-start .elementor-divider__element{margin-inline-start:0}.elementor-widget-divider--element-align-end .elementor-divider .elementor-divider-separator>.elementor-divider__svg:last-of-type{flex-grow:0;flex-shrink:100}.elementor-widget-divider--element-align-end .elementor-divider-separator:after{content:none}.elementor-widget-divider--element-align-end .elementor-divider__element{margin-inline-end:0}.elementor-widget-divider:not(.elementor-widget-divider--view-line_text):not(.elementor-widget-divider--view-line_icon) .elementor-divider-separator{border-block-start:var(--divider-border-width) var(--divider-border-style) var(--divider-color)}.elementor-widget-divider--separator-type-pattern{--divider-border-style:none}.elementor-widget-divider--separator-type-pattern.elementor-widget-divider--view-line .elementor-divider-separator,.elementor-widget-divider--separator-type-pattern:not(.elementor-widget-divider--view-line) .elementor-divider-separator:after,.elementor-widget-divider--separator-type-pattern:not(.elementor-widget-divider--view-line) .elementor-divider-separator:before,.elementor-widget-divider--separator-type-pattern:not([class*=elementor-widget-divider--view]) .elementor-divider-separator{width:100%;min-height:var(--divider-pattern-height);-webkit-mask-size:var(--divider-pattern-size) 100%;mask-size:var(--divider-pattern-size) 100%;-webkit-mask-repeat:var(--divider-pattern-repeat);mask-repeat:var(--divider-pattern-repeat);background-color:var(--divider-color);-webkit-mask-image:var(--divider-pattern-url);mask-image:var(--divider-pattern-url)}.elementor-widget-divider--no-spacing{--divider-pattern-size:auto}.elementor-widget-divider--bg-round{--divider-pattern-repeat:round}.rtl .elementor-widget-divider .elementor-divider__text{direction:rtl}.e-con-inner>.elementor-widget-divider,.e-con>.elementor-widget-divider{width:var(--container-widget-width,100%);--flex-grow:var(--container-widget-flex-grow)}<\/style>\t\t<div class=\"elementor-divider\">\n\t\t\t<span class=\"elementor-divider-separator\">\n\t\t\t\t\t\t<\/span>\n\t\t<\/div>\n\t\t\t\t<\/div>\n\t\t\t\t<\/div>\n\t\t\t\t<div class=\"elementor-element elementor-element-5c4b4555 exad-sticky-section-no exad-glass-effect-no elementor-widget elementor-widget-text-editor\" data-id=\"5c4b4555\" data-element_type=\"widget\" data-widget_type=\"text-editor.default\">\n\t\t\t\t<div class=\"elementor-widget-container\">\n\t\t\t<style>\/*! elementor - v3.22.0 - 26-06-2024 *\/\n.elementor-widget-text-editor.elementor-drop-cap-view-stacked .elementor-drop-cap{background-color:#69727d;color:#fff}.elementor-widget-text-editor.elementor-drop-cap-view-framed .elementor-drop-cap{color:#69727d;border:3px solid;background-color:transparent}.elementor-widget-text-editor:not(.elementor-drop-cap-view-default) .elementor-drop-cap{margin-top:8px}.elementor-widget-text-editor:not(.elementor-drop-cap-view-default) .elementor-drop-cap-letter{width:1em;height:1em}.elementor-widget-text-editor .elementor-drop-cap{float:left;text-align:center;line-height:1;font-size:50px}.elementor-widget-text-editor .elementor-drop-cap-letter{display:inline-block}<\/style>\t\t\t\t<p class=\"translation-block\">The D72 Residence villa park project will be realized  on a 2700 square metre plot of land in the elegant 12th district of the capital, on the border of M\u00e1rtonhegy\/Sz\u00e9chenyihegy. It is one of the oldest and most patrician bourgeois districts of the 12th district. The neighbourhood is still popular, with turn-of-the-century villas, elegant embassy buildings and prestigious apartment blocks forming the streetscape. Most of the families who moved here were those who wanted to live in the most beautiful part of the capital, close to the lush green forests of Buda. The M\u00e1rtonhegy site is located at the very top of the Denev\u00e9r \u00fat, surrounded by a green belt, and therefore the high quality of air is guaranteed for the residents.<\/p><p>\u00a0<\/p><p>The BAH junction, which is only a few minutes away, not only provides quick access to the city centre, but also provides an escape route to the M1\/M7\/M0 motorways. The area has an excellent infrastructure: there are not only several local and international educational institutions, restaurants, cafes and small grocery stores nearby, but also several shopping and service centres (Hegyvid\u00e9k Center, MOM Park, Mammut, etc.) within a few minutes' drive. The location is easily accessible by car, but also by several bus and tram lines.<\/p>\t\t\t\t\t\t<\/div>\n\t\t\t\t<\/div>\n\t\t\t\t\t<\/div>\n\t\t<\/div>\n\t\t\t\t\t<\/div>\n\t\t<\/section>\n\t\t\t\t<section class=\"elementor-section elementor-top-section elementor-element elementor-element-66c0511 elementor-section-content-middle elementor-section-boxed elementor-section-height-default elementor-section-height-default exad-glass-effect-no exad-sticky-section-no\" data-id=\"66c0511\" data-element_type=\"section\">\n\t\t\t\t\t\t<div class=\"elementor-container elementor-column-gap-no\">\n\t\t\t\t\t<div class=\"elementor-column elementor-col-50 elementor-top-column elementor-element elementor-element-c02ede5 exad-glass-effect-no exad-sticky-section-no\" data-id=\"c02ede5\" data-element_type=\"column\" data-settings=\"{&quot;background_background&quot;:&quot;classic&quot;}\">\n\t\t\t<div class=\"elementor-widget-wrap elementor-element-populated\">\n\t\t\t\t\t\t<div class=\"elementor-element elementor-element-83563dc exad-sticky-section-no exad-glass-effect-no elementor-widget elementor-widget-heading\" data-id=\"83563dc\" data-element_type=\"widget\" data-widget_type=\"heading.default\">\n\t\t\t\t<div class=\"elementor-widget-container\">\n\t\t\t<h2 class=\"elementor-heading-title elementor-size-default\">Site<\/h2>\t\t<\/div>\n\t\t\t\t<\/div>\n\t\t\t\t<div class=\"elementor-element elementor-element-8791fb4 elementor-widget-divider--view-line exad-sticky-section-no exad-glass-effect-no elementor-widget elementor-widget-divider\" data-id=\"8791fb4\" data-element_type=\"widget\" data-widget_type=\"divider.default\">\n\t\t\t\t<div class=\"elementor-widget-container\">\n\t\t\t\t\t<div class=\"elementor-divider\">\n\t\t\t<span class=\"elementor-divider-separator\">\n\t\t\t\t\t\t<\/span>\n\t\t<\/div>\n\t\t\t\t<\/div>\n\t\t\t\t<\/div>\n\t\t\t\t<div class=\"elementor-element elementor-element-3b4858e exad-sticky-section-no exad-glass-effect-no elementor-widget elementor-widget-text-editor\" data-id=\"3b4858e\" data-element_type=\"widget\" data-widget_type=\"text-editor.default\">\n\t\t\t\t<div class=\"elementor-widget-container\">\n\t\t\t\t\t\t\t<p>The D72 Residence is a uniquely endowed plot of land in Martonhegy, home to an exclusive villa park project that is exceptional in many ways. It is the last building plot in this area of the Hegyvid\u00e9k, close to the forest, with an east-west longitudinal axis and a southern panorama towards the Danube. \nIt is located in the immediate vicinity of the forest, in a peaceful cul-de-sac with almost negligible traffic, facing south-east and with a 15 % above-ground building potential. Thanks to the sloping nature of the plot, with a difference in level of 18 metres, the designers were able to create an intimate, independent atmosphere, almost like a family house, with each of the villas having its own garden area for exclusive use.<\/p>\t\t\t\t\t\t<\/div>\n\t\t\t\t<\/div>\n\t\t\t\t\t<\/div>\n\t\t<\/div>\n\t\t\t\t<div class=\"elementor-column elementor-col-50 elementor-top-column elementor-element elementor-element-8dffc49 exad-glass-effect-no exad-sticky-section-no\" data-id=\"8dffc49\" data-element_type=\"column\" data-settings=\"{&quot;background_background&quot;:&quot;classic&quot;}\">\n\t\t\t<div class=\"elementor-widget-wrap elementor-element-populated\">\n\t\t\t\t\t\t<div class=\"elementor-element elementor-element-dceb3a8 exad-sticky-section-no exad-glass-effect-no elementor-widget elementor-widget-image\" data-id=\"dceb3a8\" data-element_type=\"widget\" data-widget_type=\"image.default\">\n\t\t\t\t<div class=\"elementor-widget-container\">\n\t\t\t\t\t\t\t\t\t\t\t\t\t<img decoding=\"async\" width=\"1049\" height=\"877\" src=\"https:\/\/d72.hu\/wp-content\/uploads\/2022\/07\/elhelyezkedes.jpg\" class=\"attachment-full size-full wp-image-2047\" alt=\"\" srcset=\"https:\/\/d72.hu\/wp-content\/uploads\/2022\/07\/elhelyezkedes.jpg 1049w, https:\/\/d72.hu\/wp-content\/uploads\/2022\/07\/elhelyezkedes-300x251.jpg 300w, https:\/\/d72.hu\/wp-content\/uploads\/2022\/07\/elhelyezkedes-1024x856.jpg 1024w, https:\/\/d72.hu\/wp-content\/uploads\/2022\/07\/elhelyezkedes-768x642.jpg 768w\" sizes=\"(max-width: 1049px) 100vw, 1049px\" style=\"width:100%;height:83.6%;max-width:1049px\" \/>\t\t\t\t\t\t\t\t\t\t\t\t\t<\/div>\n\t\t\t\t<\/div>\n\t\t\t\t\t<\/div>\n\t\t<\/div>\n\t\t\t\t\t<\/div>\n\t\t<\/section>\n\t\t\t\t<section class=\"elementor-section elementor-top-section elementor-element elementor-element-9c2c283 elementor-section-full_width elementor-section-stretched elementor-section-height-default elementor-section-height-default exad-glass-effect-no exad-sticky-section-no\" data-id=\"9c2c283\" data-element_type=\"section\" data-settings=\"{&quot;stretch_section&quot;:&quot;section-stretched&quot;}\">\n\t\t\t\t\t\t<div class=\"elementor-container elementor-column-gap-no\">\n\t\t\t\t\t<div class=\"elementor-column elementor-col-100 elementor-top-column elementor-element elementor-element-53c3706 exad-glass-effect-no exad-sticky-section-no\" data-id=\"53c3706\" data-element_type=\"column\">\n\t\t\t<div class=\"elementor-widget-wrap elementor-element-populated\">\n\t\t\t\t\t\t<div class=\"elementor-element elementor-element-ecd4f8b exad-sticky-section-no exad-glass-effect-no elementor-widget elementor-widget-html\" data-id=\"ecd4f8b\" data-element_type=\"widget\" data-widget_type=\"html.default\">\n\t\t\t\t<div class=\"elementor-widget-container\">\n\t\t\t<iframe src=\"https:\/\/www.google.com\/maps\/embed?pb=!1m18!1m12!1m3!1d2695.8558894392445!2d18.991019115817895!3d47.49272070383058!2m3!1f0!2f0!3f0!3m2!1i1024!2i768!4f13.1!3m3!1m2!1s0x4741de8b944c593d%3A0x52ab7e4d2037374a!2zQnVkYXBlc3QsIERlbmV2w6lyIMO6dCA3MiwgMTEyMQ!5e0!3m2!1shu!2shu!4v1658218672174!5m2!1shu!2shu\" width=\"100%\" height=\"545\" style=\"border:0;\" allowfullscreen=\"\" loading=\"lazy\" referrerpolicy=\"no-referrer-when-downgrade\"><\/iframe>\t\t<\/div>\n\t\t\t\t<\/div>\n\t\t\t\t\t<\/div>\n\t\t<\/div>\n\t\t\t\t\t<\/div>\n\t\t<\/section>\n\t\t\t\t<\/div>","protected":false},"excerpt":{"rendered":"<p>K\u00f6rny\u00e9k A D72 Residence villaparkprojekt egy 2700 n\u00e9gyzetm\u00e9teres telken val\u00f3sul meg, amely a f\u0151v\u00e1ros eleg\u00e1ns 12. ker\u00fclet\u00e9ben a M\u00e1rtonhegy\/Sz\u00e9chenyihegy hat\u00e1r\u00e1n tal\u00e1lhat\u00f3.Ez a XII. ker\u00fclet egyik legr\u00e9gebbi, legpatin\u00e1sabb polg\u00e1ri v\u00e1rosr\u00e9sze. A k\u00f6rny\u00e9k t\u00f6retlen n\u00e9pszer\u0171s\u00e9gnek \u00f6rvend, sz\u00e1zadfordul\u00f3s vill\u00e1k, eleg\u00e1ns k\u00f6vets\u00e9gi \u00e9p\u00fcletek \u00e9s magas preszt\u00edzs\u0171 lak\u00f3h\u00e1zak alkotj\u00e1k az utc\u00e1k l\u00e1tk\u00e9p\u00e9t. Legink\u00e1bb azok a csal\u00e1dok k\u00f6lt\u00f6ztek ide, akik a&hellip; <a class=\"more-link\" href=\"https:\/\/d72.hu\/eng\/elhelyezkedes\/\">Continue reading <span class=\"screen-reader-text\">Location<\/span><\/a><\/p>","protected":false},"author":1,"featured_media":0,"parent":0,"menu_order":0,"comment_status":"closed","ping_status":"closed","template":"elementor_header_footer","meta":{"footnotes":""},"class_list":["post-1400","page","type-page","status-publish","hentry","entry"],"yoast_head":"<!-- This site is optimized with the Yoast SEO plugin v20.0 - https:\/\/yoast.com\/wordpress\/plugins\/seo\/ -->\n<title>Elhelyezked\u00e9s - d72<\/title>\n<meta name=\"description\" content=\"XII. ker\u00fcleti Luxus lak\u00e1sok a D72 Residence villaparkban. Exkluz\u00edv lak\u00e1sok karny\u00fajt\u00e1snyira abelv\u00e1rost\u00f3l, csendes z\u00f6ld\u00f6vezetben a f\u0151v\u00e1ros legszebb r\u00e9sz\u00e9n. Tekintse meg!\" \/>\n<meta name=\"robots\" content=\"index, follow, max-snippet:-1, max-image-preview:large, max-video-preview:-1\" \/>\n<link rel=\"canonical\" href=\"https:\/\/d72.hu\/eng\/elhelyezkedes\/\" \/>\n<meta property=\"og:locale\" content=\"en_GB\" \/>\n<meta property=\"og:type\" content=\"article\" \/>\n<meta property=\"og:title\" content=\"Elhelyezked\u00e9s - d72\" \/>\n<meta property=\"og:description\" content=\"XII. ker\u00fcleti Luxus lak\u00e1sok a D72 Residence villaparkban. Exkluz\u00edv lak\u00e1sok karny\u00fajt\u00e1snyira abelv\u00e1rost\u00f3l, csendes z\u00f6ld\u00f6vezetben a f\u0151v\u00e1ros legszebb r\u00e9sz\u00e9n. Tekintse meg!\" \/>\n<meta property=\"og:url\" content=\"https:\/\/d72.hu\/eng\/elhelyezkedes\/\" \/>\n<meta property=\"og:site_name\" content=\"d72\" \/>\n<meta property=\"article:publisher\" content=\"https:\/\/www.facebook.com\/d72residence\" \/>\n<meta property=\"article:modified_time\" content=\"2022-10-28T15:36:09+00:00\" \/>\n<meta property=\"og:image\" content=\"https:\/\/d72.hu\/wp-content\/uploads\/2022\/10\/kornyek.jpg\" \/>\n<meta name=\"twitter:card\" content=\"summary_large_image\" \/>\n<meta name=\"twitter:label1\" content=\"Est. reading time\" \/>\n\t<meta name=\"twitter:data1\" content=\"2 minutes\" \/>\n<script type=\"application\/ld+json\" class=\"yoast-schema-graph\">{\"@context\":\"https:\/\/schema.org\",\"@graph\":[{\"@type\":\"WebPage\",\"@id\":\"https:\/\/d72.hu\/elhelyezkedes\/\",\"url\":\"https:\/\/d72.hu\/elhelyezkedes\/\",\"name\":\"Elhelyezked\u00e9s - d72\",\"isPartOf\":{\"@id\":\"https:\/\/d72.hu\/#website\"},\"datePublished\":\"2022-07-11T17:47:24+00:00\",\"dateModified\":\"2022-10-28T15:36:09+00:00\",\"description\":\"XII. ker\u00fcleti Luxus lak\u00e1sok a D72 Residence villaparkban. Exkluz\u00edv lak\u00e1sok karny\u00fajt\u00e1snyira abelv\u00e1rost\u00f3l, csendes z\u00f6ld\u00f6vezetben a f\u0151v\u00e1ros legszebb r\u00e9sz\u00e9n. Tekintse meg!\",\"breadcrumb\":{\"@id\":\"https:\/\/d72.hu\/elhelyezkedes\/#breadcrumb\"},\"inLanguage\":\"en-GB\",\"potentialAction\":[{\"@type\":\"ReadAction\",\"target\":[\"https:\/\/d72.hu\/elhelyezkedes\/\"]}]},{\"@type\":\"BreadcrumbList\",\"@id\":\"https:\/\/d72.hu\/elhelyezkedes\/#breadcrumb\",\"itemListElement\":[{\"@type\":\"ListItem\",\"position\":1,\"name\":\"Home\",\"item\":\"https:\/\/d72.hu\/\"},{\"@type\":\"ListItem\",\"position\":2,\"name\":\"Elhelyezked\u00e9s\"}]},{\"@type\":\"WebSite\",\"@id\":\"https:\/\/d72.hu\/#website\",\"url\":\"https:\/\/d72.hu\/\",\"name\":\"d72\",\"description\":\"Residence \u2013 Priv\u00e1t Luxus\",\"publisher\":{\"@id\":\"https:\/\/d72.hu\/#organization\"},\"potentialAction\":[{\"@type\":\"SearchAction\",\"target\":{\"@type\":\"EntryPoint\",\"urlTemplate\":\"https:\/\/d72.hu\/?s={search_term_string}\"},\"query-input\":\"required name=search_term_string\"}],\"inLanguage\":\"en-GB\"},{\"@type\":\"Organization\",\"@id\":\"https:\/\/d72.hu\/#organization\",\"name\":\"d72\",\"url\":\"https:\/\/d72.hu\/\",\"logo\":{\"@type\":\"ImageObject\",\"inLanguage\":\"en-GB\",\"@id\":\"https:\/\/d72.hu\/#\/schema\/logo\/image\/\",\"url\":\"https:\/\/d72.hu\/wp-content\/uploads\/2022\/06\/favicon.png\",\"contentUrl\":\"https:\/\/d72.hu\/wp-content\/uploads\/2022\/06\/favicon.png\",\"width\":64,\"height\":64,\"caption\":\"d72\"},\"image\":{\"@id\":\"https:\/\/d72.hu\/#\/schema\/logo\/image\/\"},\"sameAs\":[\"https:\/\/www.instagram.com\/d72residence\/\",\"https:\/\/www.facebook.com\/d72residence\"]}]}<\/script>\n<!-- \/ Yoast SEO plugin. -->","yoast_head_json":{"title":"Elhelyezked\u00e9s - d72","description":"XII. ker\u00fcleti Luxus lak\u00e1sok a D72 Residence villaparkban. Exkluz\u00edv lak\u00e1sok karny\u00fajt\u00e1snyira abelv\u00e1rost\u00f3l, csendes z\u00f6ld\u00f6vezetben a f\u0151v\u00e1ros legszebb r\u00e9sz\u00e9n. Tekintse meg!","robots":{"index":"index","follow":"follow","max-snippet":"max-snippet:-1","max-image-preview":"max-image-preview:large","max-video-preview":"max-video-preview:-1"},"canonical":"https:\/\/d72.hu\/eng\/elhelyezkedes\/","og_locale":"en_GB","og_type":"article","og_title":"Elhelyezked\u00e9s - d72","og_description":"XII. ker\u00fcleti Luxus lak\u00e1sok a D72 Residence villaparkban. Exkluz\u00edv lak\u00e1sok karny\u00fajt\u00e1snyira abelv\u00e1rost\u00f3l, csendes z\u00f6ld\u00f6vezetben a f\u0151v\u00e1ros legszebb r\u00e9sz\u00e9n. Tekintse meg!","og_url":"https:\/\/d72.hu\/eng\/elhelyezkedes\/","og_site_name":"d72","article_publisher":"https:\/\/www.facebook.com\/d72residence","article_modified_time":"2022-10-28T15:36:09+00:00","og_image":[{"url":"https:\/\/d72.hu\/wp-content\/uploads\/2022\/10\/kornyek.jpg"}],"twitter_card":"summary_large_image","twitter_misc":{"Est. reading time":"2 minutes"},"schema":{"@context":"https:\/\/schema.org","@graph":[{"@type":"WebPage","@id":"https:\/\/d72.hu\/elhelyezkedes\/","url":"https:\/\/d72.hu\/elhelyezkedes\/","name":"Elhelyezked\u00e9s - d72","isPartOf":{"@id":"https:\/\/d72.hu\/#website"},"datePublished":"2022-07-11T17:47:24+00:00","dateModified":"2022-10-28T15:36:09+00:00","description":"XII. ker\u00fcleti Luxus lak\u00e1sok a D72 Residence villaparkban. Exkluz\u00edv lak\u00e1sok karny\u00fajt\u00e1snyira abelv\u00e1rost\u00f3l, csendes z\u00f6ld\u00f6vezetben a f\u0151v\u00e1ros legszebb r\u00e9sz\u00e9n. Tekintse meg!","breadcrumb":{"@id":"https:\/\/d72.hu\/elhelyezkedes\/#breadcrumb"},"inLanguage":"en-GB","potentialAction":[{"@type":"ReadAction","target":["https:\/\/d72.hu\/elhelyezkedes\/"]}]},{"@type":"BreadcrumbList","@id":"https:\/\/d72.hu\/elhelyezkedes\/#breadcrumb","itemListElement":[{"@type":"ListItem","position":1,"name":"Home","item":"https:\/\/d72.hu\/"},{"@type":"ListItem","position":2,"name":"Elhelyezked\u00e9s"}]},{"@type":"WebSite","@id":"https:\/\/d72.hu\/#website","url":"https:\/\/d72.hu\/","name":"d72","description":"Residence \u2013 Priv\u00e1t Luxus","publisher":{"@id":"https:\/\/d72.hu\/#organization"},"potentialAction":[{"@type":"SearchAction","target":{"@type":"EntryPoint","urlTemplate":"https:\/\/d72.hu\/?s={search_term_string}"},"query-input":"required name=search_term_string"}],"inLanguage":"en-GB"},{"@type":"Organization","@id":"https:\/\/d72.hu\/#organization","name":"d72","url":"https:\/\/d72.hu\/","logo":{"@type":"ImageObject","inLanguage":"en-GB","@id":"https:\/\/d72.hu\/#\/schema\/logo\/image\/","url":"https:\/\/d72.hu\/wp-content\/uploads\/2022\/06\/favicon.png","contentUrl":"https:\/\/d72.hu\/wp-content\/uploads\/2022\/06\/favicon.png","width":64,"height":64,"caption":"d72"},"image":{"@id":"https:\/\/d72.hu\/#\/schema\/logo\/image\/"},"sameAs":["https:\/\/www.instagram.com\/d72residence\/","https:\/\/www.facebook.com\/d72residence"]}]}},"_links":{"self":[{"href":"https:\/\/d72.hu\/eng\/wp-json\/wp\/v2\/pages\/1400","targetHints":{"allow":["GET"]}}],"collection":[{"href":"https:\/\/d72.hu\/eng\/wp-json\/wp\/v2\/pages"}],"about":[{"href":"https:\/\/d72.hu\/eng\/wp-json\/wp\/v2\/types\/page"}],"author":[{"embeddable":true,"href":"https:\/\/d72.hu\/eng\/wp-json\/wp\/v2\/users\/1"}],"replies":[{"embeddable":true,"href":"https:\/\/d72.hu\/eng\/wp-json\/wp\/v2\/comments?post=1400"}],"version-history":[{"count":12,"href":"https:\/\/d72.hu\/eng\/wp-json\/wp\/v2\/pages\/1400\/revisions"}],"predecessor-version":[{"id":4196,"href":"https:\/\/d72.hu\/eng\/wp-json\/wp\/v2\/pages\/1400\/revisions\/4196"}],"wp:attachment":[{"href":"https:\/\/d72.hu\/eng\/wp-json\/wp\/v2\/media?parent=1400"}],"curies":[{"name":"wp","href":"https:\/\/api.w.org\/{rel}","templated":true}]}}