{"id":1307,"date":"2022-07-05T09:48:33","date_gmt":"2022-07-05T09:48:33","guid":{"rendered":"https:\/\/d72.hu\/?page_id=1307"},"modified":"2022-09-13T14:07:02","modified_gmt":"2022-09-13T14:07:02","slug":"tervezoi-hatter-belso-epiteszet","status":"publish","type":"page","link":"https:\/\/d72.hu\/eng\/tervezoi-hatter-belso-epiteszet\/","title":{"rendered":"Tervez\u0151i h\u00e1tt\u00e9r &#8211; bels\u0151 \u00e9p\u00edt\u00e9szet"},"content":{"rendered":"<div data-elementor-type=\"wp-page\" data-elementor-id=\"1307\" class=\"elementor elementor-1307\">\n\t\t\t\t\t\t<section class=\"elementor-section elementor-top-section elementor-element elementor-element-2aa75608 elementor-section-boxed elementor-section-height-default elementor-section-height-default exad-glass-effect-no exad-sticky-section-no\" data-id=\"2aa75608\" data-element_type=\"section\">\n\t\t\t\t\t\t<div class=\"elementor-container elementor-column-gap-default\">\n\t\t\t\t\t<div class=\"elementor-column elementor-col-100 elementor-top-column elementor-element elementor-element-6bb27302 exad-glass-effect-no exad-sticky-section-no\" data-id=\"6bb27302\" data-element_type=\"column\">\n\t\t\t<div class=\"elementor-widget-wrap elementor-element-populated\">\n\t\t\t\t\t\t<div class=\"elementor-element elementor-element-339fa870 exad-sticky-section-no exad-glass-effect-no elementor-widget elementor-widget-heading\" data-id=\"339fa870\" data-element_type=\"widget\" data-widget_type=\"heading.default\">\n\t\t\t\t<div class=\"elementor-widget-container\">\n\t\t\t<style>\/*! elementor - v3.22.0 - 26-06-2024 *\/\n.elementor-heading-title{padding:0;margin:0;line-height:1}.elementor-widget-heading .elementor-heading-title[class*=elementor-size-]>a{color:inherit;font-size:inherit;line-height:inherit}.elementor-widget-heading .elementor-heading-title.elementor-size-small{font-size:15px}.elementor-widget-heading .elementor-heading-title.elementor-size-medium{font-size:19px}.elementor-widget-heading .elementor-heading-title.elementor-size-large{font-size:29px}.elementor-widget-heading .elementor-heading-title.elementor-size-xl{font-size:39px}.elementor-widget-heading .elementor-heading-title.elementor-size-xxl{font-size:59px}<\/style><h2 class=\"elementor-heading-title elementor-size-default\">Este\u2019r Partners<\/h2>\t\t<\/div>\n\t\t\t\t<\/div>\n\t\t\t\t\t<\/div>\n\t\t<\/div>\n\t\t\t\t\t<\/div>\n\t\t<\/section>\n\t\t\t\t<section class=\"elementor-section elementor-top-section elementor-element elementor-element-1de793 elementor-section-boxed elementor-section-height-default elementor-section-height-default exad-glass-effect-no exad-sticky-section-no\" data-id=\"1de793\" data-element_type=\"section\" data-settings=\"{&quot;background_background&quot;:&quot;classic&quot;}\">\n\t\t\t\t\t\t<div class=\"elementor-container elementor-column-gap-no\">\n\t\t\t\t\t<div class=\"elementor-column elementor-col-100 elementor-top-column elementor-element elementor-element-152466f9 exad-glass-effect-no exad-sticky-section-no\" data-id=\"152466f9\" data-element_type=\"column\" data-settings=\"{&quot;background_background&quot;:&quot;classic&quot;}\">\n\t\t\t<div class=\"elementor-widget-wrap elementor-element-populated\">\n\t\t\t\t\t\t<section class=\"elementor-section elementor-inner-section elementor-element elementor-element-26b08f79 elementor-section-boxed elementor-section-height-default elementor-section-height-default exad-glass-effect-no exad-sticky-section-no\" data-id=\"26b08f79\" data-element_type=\"section\" data-settings=\"{&quot;background_background&quot;:&quot;classic&quot;}\">\n\t\t\t\t\t\t<div class=\"elementor-container elementor-column-gap-no\">\n\t\t\t\t\t<div class=\"elementor-column elementor-col-50 elementor-inner-column elementor-element elementor-element-1bec1073 exad-glass-effect-no exad-sticky-section-no\" data-id=\"1bec1073\" data-element_type=\"column\" data-settings=\"{&quot;background_background&quot;:&quot;classic&quot;}\">\n\t\t\t<div class=\"elementor-widget-wrap elementor-element-populated\">\n\t\t\t\t\t\t<div class=\"elementor-element elementor-element-1c1a8341 exad-sticky-section-no exad-glass-effect-no elementor-widget elementor-widget-heading\" data-id=\"1c1a8341\" data-element_type=\"widget\" data-widget_type=\"heading.default\">\n\t\t\t\t<div class=\"elementor-widget-container\">\n\t\t\t<p class=\"elementor-heading-title elementor-size-default\">Radn\u00f3czy Eszter<\/p>\t\t<\/div>\n\t\t\t\t<\/div>\n\t\t\t\t<div class=\"elementor-element elementor-element-6e538aab exad-sticky-section-no exad-glass-effect-no elementor-widget elementor-widget-heading\" data-id=\"6e538aab\" data-element_type=\"widget\" data-widget_type=\"heading.default\">\n\t\t\t\t<div class=\"elementor-widget-container\">\n\t\t\t<p class=\"elementor-heading-title elementor-size-default\">Vezet\u0151 -Tervez\u0151<\/p>\t\t<\/div>\n\t\t\t\t<\/div>\n\t\t\t\t\t<\/div>\n\t\t<\/div>\n\t\t\t\t<div class=\"elementor-column elementor-col-50 elementor-inner-column elementor-element elementor-element-54d4da5d exad-glass-effect-no exad-sticky-section-no\" data-id=\"54d4da5d\" data-element_type=\"column\" data-settings=\"{&quot;background_background&quot;:&quot;classic&quot;}\">\n\t\t\t<div class=\"elementor-widget-wrap elementor-element-populated\">\n\t\t\t\t\t\t<div class=\"elementor-element elementor-element-893006f exad-sticky-section-no exad-glass-effect-no elementor-widget elementor-widget-text-editor\" data-id=\"893006f\" data-element_type=\"widget\" data-widget_type=\"text-editor.default\">\n\t\t\t\t<div class=\"elementor-widget-container\">\n\t\t\t<style>\/*! elementor - v3.22.0 - 26-06-2024 *\/\n.elementor-widget-text-editor.elementor-drop-cap-view-stacked .elementor-drop-cap{background-color:#69727d;color:#fff}.elementor-widget-text-editor.elementor-drop-cap-view-framed .elementor-drop-cap{color:#69727d;border:3px solid;background-color:transparent}.elementor-widget-text-editor:not(.elementor-drop-cap-view-default) .elementor-drop-cap{margin-top:8px}.elementor-widget-text-editor:not(.elementor-drop-cap-view-default) .elementor-drop-cap-letter{width:1em;height:1em}.elementor-widget-text-editor .elementor-drop-cap{float:left;text-align:center;line-height:1;font-size:50px}.elementor-widget-text-editor .elementor-drop-cap-letter{display:inline-block}<\/style>\t\t\t\t<p class=\"translation-block\">The success of este'r partners is based on structure, creativity, an international approach and reliability.<\/p>\t\t\t\t\t\t<\/div>\n\t\t\t\t<\/div>\n\t\t\t\t\t<\/div>\n\t\t<\/div>\n\t\t\t\t\t<\/div>\n\t\t<\/section>\n\t\t\t\t\t<\/div>\n\t\t<\/div>\n\t\t\t\t\t<\/div>\n\t\t<\/section>\n\t\t\t\t<section class=\"elementor-section elementor-top-section elementor-element elementor-element-2de5bd2c elementor-section-boxed elementor-section-height-default elementor-section-height-default exad-glass-effect-no exad-sticky-section-no\" data-id=\"2de5bd2c\" data-element_type=\"section\" id=\"belso-epiteszet\">\n\t\t\t\t\t\t<div class=\"elementor-container elementor-column-gap-default\">\n\t\t\t\t\t<div class=\"elementor-column elementor-col-100 elementor-top-column elementor-element elementor-element-31e79be0 exad-glass-effect-no exad-sticky-section-no\" data-id=\"31e79be0\" data-element_type=\"column\">\n\t\t\t<div class=\"elementor-widget-wrap elementor-element-populated\">\n\t\t\t\t\t\t<div class=\"elementor-element elementor-element-2619d78 exad-sticky-section-no exad-glass-effect-no elementor-widget elementor-widget-testimonial\" data-id=\"2619d78\" data-element_type=\"widget\" data-widget_type=\"testimonial.default\">\n\t\t\t\t<div class=\"elementor-widget-container\">\n\t\t\t<style>\/*! elementor - v3.22.0 - 26-06-2024 *\/\n.elementor-testimonial-wrapper{overflow:hidden;text-align:center}.elementor-testimonial-wrapper .elementor-testimonial-content{font-size:1.3em;margin-bottom:20px}.elementor-testimonial-wrapper .elementor-testimonial-name{line-height:1.5;display:block}.elementor-testimonial-wrapper .elementor-testimonial-job{font-size:.85em;display:block}.elementor-testimonial-wrapper .elementor-testimonial-meta{width:100%;line-height:1}.elementor-testimonial-wrapper .elementor-testimonial-meta-inner{display:inline-block}.elementor-testimonial-wrapper .elementor-testimonial-meta .elementor-testimonial-details,.elementor-testimonial-wrapper .elementor-testimonial-meta .elementor-testimonial-image{display:table-cell;vertical-align:middle}.elementor-testimonial-wrapper .elementor-testimonial-meta .elementor-testimonial-image img{width:60px;height:60px;border-radius:50%;-o-object-fit:cover;object-fit:cover;max-width:none}.elementor-testimonial-wrapper .elementor-testimonial-meta.elementor-testimonial-image-position-aside .elementor-testimonial-image{padding-inline-end:15px}.elementor-testimonial-wrapper .elementor-testimonial-meta.elementor-testimonial-image-position-aside .elementor-testimonial-details{text-align:start}.elementor-testimonial-wrapper .elementor-testimonial-meta.elementor-testimonial-image-position-top .elementor-testimonial-details,.elementor-testimonial-wrapper .elementor-testimonial-meta.elementor-testimonial-image-position-top .elementor-testimonial-image{display:block}.elementor-testimonial-wrapper .elementor-testimonial-meta.elementor-testimonial-image-position-top .elementor-testimonial-image{margin-bottom:20px}<\/style>\t\t<div class=\"elementor-testimonial-wrapper\">\n\t\t\t\t\t\t\t<div class=\"elementor-testimonial-content\">We take the gifts and needs and develop ideas and memorable concepts that ensure the success of projects and a strong identity of our own. Our international portfolio includes a wide range of architectural and interior design work. The design work is managed, supervised and controlled by our qualified and experienced project architects selected for each project. In addition to the design process, we also place great emphasis on providing advice and design supervision during the implementation phase of each project. This helps to ensure quality workmanship and on-time delivery, as well as keeping project schedules and costs under control.<br><br>Our offices in Szentendre and Milan have built up an extensive network of international contacts in recent years, and moreover we have personal and often friendly relations with manufacturers.  We don't know the impossible: there is no special material that we can't find, but if the product you have in mind is not available, we will design it and, together with our partners, manufacture it individually for the specific project. In 2022 we opened our new showroom in Budapest next to the Opera, called \u201eEstorio \u2013 home of designer brands.<\/div>\n\t\t\t\n\t\t\t\t\t<\/div>\n\t\t\t\t<\/div>\n\t\t\t\t<\/div>\n\t\t\t\t<div class=\"elementor-element elementor-element-136d7eaa elementor-align-center exad-sticky-section-no exad-glass-effect-no elementor-widget elementor-widget-button\" data-id=\"136d7eaa\" data-element_type=\"widget\" data-widget_type=\"button.default\">\n\t\t\t\t<div class=\"elementor-widget-container\">\n\t\t\t\t\t<div class=\"elementor-button-wrapper\">\n\t\t\t<a class=\"elementor-button elementor-button-link elementor-size-sm\" href=\"https:\/\/d72.hu\/eng\/\">\n\t\t\t\t\t\t<span class=\"elementor-button-content-wrapper\">\n\t\t\t\t\t\t\t\t\t<span class=\"elementor-button-text\">Back<\/span>\n\t\t\t\t\t<\/span>\n\t\t\t\t\t<\/a>\n\t\t<\/div>\n\t\t\t\t<\/div>\n\t\t\t\t<\/div>\n\t\t\t\t\t<\/div>\n\t\t<\/div>\n\t\t\t\t\t<\/div>\n\t\t<\/section>\n\t\t\t\t<\/div>","protected":false},"excerpt":{"rendered":"<p>Este\u2019r Partners Radn\u00f3czy Eszter Vezet\u0151 -Tervez\u0151 Az Este\u2019r Partners siker\u00e9ta struktur\u00e1lts\u00e1g, a kreativit\u00e1s,a nemzetk\u00f6zi szeml\u00e9letm\u00f3d \u00e9s amegb\u00edzhat\u00f3s\u00e1g hat\u00e1rozza meg Az este\u2019r partners csapata az adotts\u00e1gokb\u00f3l \u00e9s az ig\u00e9nyekb\u0151l olyan \u00f6tleteket \u00e9s eml\u00e9kezetes koncepci\u00f3kat hoz l\u00e9tre, melyek a projektek siker\u00e9t \u00e9s er\u0151s saj\u00e1t identit\u00e1s\u00e1t biztos\u00edtj\u00e1k. Nemzetk\u00f6zi portf\u00f3li\u00f3nkat sz\u00e9lesk\u00f6r\u0171 \u00e9p\u00edt\u00e9szeti \u00e9s bels\u0151\u00e9p\u00edt\u00e9szeti munk\u00e1k alkotj\u00e1k. A tervez\u0151i munk\u00e1t&hellip; <a class=\"more-link\" href=\"https:\/\/d72.hu\/eng\/tervezoi-hatter-belso-epiteszet\/\">Continue reading <span class=\"screen-reader-text\">Tervez\u0151i h\u00e1tt\u00e9r &#8211; bels\u0151 \u00e9p\u00edt\u00e9szet<\/span><\/a><\/p>","protected":false},"author":1,"featured_media":0,"parent":0,"menu_order":0,"comment_status":"closed","ping_status":"closed","template":"elementor_header_footer","meta":{"footnotes":""},"class_list":["post-1307","page","type-page","status-publish","hentry","entry"],"yoast_head":"<!-- This site is optimized with the Yoast SEO plugin v20.0 - https:\/\/yoast.com\/wordpress\/plugins\/seo\/ -->\n<title>Tervez\u0151i h\u00e1tt\u00e9r - bels\u0151 \u00e9p\u00edt\u00e9szet - d72<\/title>\n<meta name=\"robots\" content=\"index, follow, max-snippet:-1, max-image-preview:large, max-video-preview:-1\" \/>\n<link rel=\"canonical\" href=\"https:\/\/d72.hu\/eng\/tervezoi-hatter-belso-epiteszet\/\" \/>\n<meta property=\"og:locale\" content=\"en_GB\" \/>\n<meta property=\"og:type\" content=\"article\" \/>\n<meta property=\"og:title\" content=\"Tervez\u0151i h\u00e1tt\u00e9r - bels\u0151 \u00e9p\u00edt\u00e9szet - d72\" \/>\n<meta property=\"og:description\" content=\"Este\u2019r Partners Radn\u00f3czy Eszter Vezet\u0151 -Tervez\u0151 Az Este\u2019r Partners siker\u00e9ta struktur\u00e1lts\u00e1g, a kreativit\u00e1s,a nemzetk\u00f6zi szeml\u00e9letm\u00f3d \u00e9s amegb\u00edzhat\u00f3s\u00e1g hat\u00e1rozza meg Az este\u2019r partners csapata az adotts\u00e1gokb\u00f3l \u00e9s az ig\u00e9nyekb\u0151l olyan \u00f6tleteket \u00e9s eml\u00e9kezetes koncepci\u00f3kat hoz l\u00e9tre, melyek a projektek siker\u00e9t \u00e9s er\u0151s saj\u00e1t identit\u00e1s\u00e1t biztos\u00edtj\u00e1k. Nemzetk\u00f6zi portf\u00f3li\u00f3nkat sz\u00e9lesk\u00f6r\u0171 \u00e9p\u00edt\u00e9szeti \u00e9s bels\u0151\u00e9p\u00edt\u00e9szeti munk\u00e1k alkotj\u00e1k. A tervez\u0151i munk\u00e1t&hellip; Continue reading Tervez\u0151i h\u00e1tt\u00e9r &#8211; bels\u0151 \u00e9p\u00edt\u00e9szet\" \/>\n<meta property=\"og:url\" content=\"https:\/\/d72.hu\/eng\/tervezoi-hatter-belso-epiteszet\/\" \/>\n<meta property=\"og:site_name\" content=\"d72\" \/>\n<meta property=\"article:publisher\" content=\"https:\/\/www.facebook.com\/d72residence\" \/>\n<meta property=\"article:modified_time\" content=\"2022-09-13T14:07:02+00:00\" \/>\n<meta property=\"og:image\" content=\"https:\/\/d72.hu\/wp-content\/uploads\/2022\/07\/apartments-center.jpg\" \/>\n\t<meta property=\"og:image:width\" content=\"1581\" \/>\n\t<meta property=\"og:image:height\" content=\"889\" \/>\n\t<meta property=\"og:image:type\" content=\"image\/jpeg\" \/>\n<meta name=\"twitter:card\" content=\"summary_large_image\" \/>\n<meta name=\"twitter:label1\" content=\"Est. reading time\" \/>\n\t<meta name=\"twitter:data1\" content=\"1 minute\" \/>\n<script type=\"application\/ld+json\" class=\"yoast-schema-graph\">{\"@context\":\"https:\/\/schema.org\",\"@graph\":[{\"@type\":\"WebPage\",\"@id\":\"https:\/\/d72.hu\/tervezoi-hatter-belso-epiteszet\/\",\"url\":\"https:\/\/d72.hu\/tervezoi-hatter-belso-epiteszet\/\",\"name\":\"Tervez\u0151i h\u00e1tt\u00e9r - bels\u0151 \u00e9p\u00edt\u00e9szet - d72\",\"isPartOf\":{\"@id\":\"https:\/\/d72.hu\/#website\"},\"datePublished\":\"2022-07-05T09:48:33+00:00\",\"dateModified\":\"2022-09-13T14:07:02+00:00\",\"breadcrumb\":{\"@id\":\"https:\/\/d72.hu\/tervezoi-hatter-belso-epiteszet\/#breadcrumb\"},\"inLanguage\":\"en-GB\",\"potentialAction\":[{\"@type\":\"ReadAction\",\"target\":[\"https:\/\/d72.hu\/tervezoi-hatter-belso-epiteszet\/\"]}]},{\"@type\":\"BreadcrumbList\",\"@id\":\"https:\/\/d72.hu\/tervezoi-hatter-belso-epiteszet\/#breadcrumb\",\"itemListElement\":[{\"@type\":\"ListItem\",\"position\":1,\"name\":\"Home\",\"item\":\"https:\/\/d72.hu\/\"},{\"@type\":\"ListItem\",\"position\":2,\"name\":\"Tervez\u0151i h\u00e1tt\u00e9r &#8211; bels\u0151 \u00e9p\u00edt\u00e9szet\"}]},{\"@type\":\"WebSite\",\"@id\":\"https:\/\/d72.hu\/#website\",\"url\":\"https:\/\/d72.hu\/\",\"name\":\"d72\",\"description\":\"Residence \u2013 Priv\u00e1t Luxus\",\"publisher\":{\"@id\":\"https:\/\/d72.hu\/#organization\"},\"potentialAction\":[{\"@type\":\"SearchAction\",\"target\":{\"@type\":\"EntryPoint\",\"urlTemplate\":\"https:\/\/d72.hu\/?s={search_term_string}\"},\"query-input\":\"required name=search_term_string\"}],\"inLanguage\":\"en-GB\"},{\"@type\":\"Organization\",\"@id\":\"https:\/\/d72.hu\/#organization\",\"name\":\"d72\",\"url\":\"https:\/\/d72.hu\/\",\"logo\":{\"@type\":\"ImageObject\",\"inLanguage\":\"en-GB\",\"@id\":\"https:\/\/d72.hu\/#\/schema\/logo\/image\/\",\"url\":\"https:\/\/d72.hu\/wp-content\/uploads\/2022\/06\/favicon.png\",\"contentUrl\":\"https:\/\/d72.hu\/wp-content\/uploads\/2022\/06\/favicon.png\",\"width\":64,\"height\":64,\"caption\":\"d72\"},\"image\":{\"@id\":\"https:\/\/d72.hu\/#\/schema\/logo\/image\/\"},\"sameAs\":[\"https:\/\/www.instagram.com\/d72residence\/\",\"https:\/\/www.facebook.com\/d72residence\"]}]}<\/script>\n<!-- \/ Yoast SEO plugin. -->","yoast_head_json":{"title":"Tervez\u0151i h\u00e1tt\u00e9r - bels\u0151 \u00e9p\u00edt\u00e9szet - d72","robots":{"index":"index","follow":"follow","max-snippet":"max-snippet:-1","max-image-preview":"max-image-preview:large","max-video-preview":"max-video-preview:-1"},"canonical":"https:\/\/d72.hu\/eng\/tervezoi-hatter-belso-epiteszet\/","og_locale":"en_GB","og_type":"article","og_title":"Tervez\u0151i h\u00e1tt\u00e9r - bels\u0151 \u00e9p\u00edt\u00e9szet - d72","og_description":"Este\u2019r Partners Radn\u00f3czy Eszter Vezet\u0151 -Tervez\u0151 Az Este\u2019r Partners siker\u00e9ta struktur\u00e1lts\u00e1g, a kreativit\u00e1s,a nemzetk\u00f6zi szeml\u00e9letm\u00f3d \u00e9s amegb\u00edzhat\u00f3s\u00e1g hat\u00e1rozza meg Az este\u2019r partners csapata az adotts\u00e1gokb\u00f3l \u00e9s az ig\u00e9nyekb\u0151l olyan \u00f6tleteket \u00e9s eml\u00e9kezetes koncepci\u00f3kat hoz l\u00e9tre, melyek a projektek siker\u00e9t \u00e9s er\u0151s saj\u00e1t identit\u00e1s\u00e1t biztos\u00edtj\u00e1k. Nemzetk\u00f6zi portf\u00f3li\u00f3nkat sz\u00e9lesk\u00f6r\u0171 \u00e9p\u00edt\u00e9szeti \u00e9s bels\u0151\u00e9p\u00edt\u00e9szeti munk\u00e1k alkotj\u00e1k. A tervez\u0151i munk\u00e1t&hellip; Continue reading Tervez\u0151i h\u00e1tt\u00e9r &#8211; bels\u0151 \u00e9p\u00edt\u00e9szet","og_url":"https:\/\/d72.hu\/eng\/tervezoi-hatter-belso-epiteszet\/","og_site_name":"d72","article_publisher":"https:\/\/www.facebook.com\/d72residence","article_modified_time":"2022-09-13T14:07:02+00:00","og_image":[{"width":1581,"height":889,"url":"https:\/\/d72.hu\/wp-content\/uploads\/2022\/07\/apartments-center.jpg","type":"image\/jpeg"}],"twitter_card":"summary_large_image","twitter_misc":{"Est. reading time":"1 minute"},"schema":{"@context":"https:\/\/schema.org","@graph":[{"@type":"WebPage","@id":"https:\/\/d72.hu\/tervezoi-hatter-belso-epiteszet\/","url":"https:\/\/d72.hu\/tervezoi-hatter-belso-epiteszet\/","name":"Tervez\u0151i h\u00e1tt\u00e9r - bels\u0151 \u00e9p\u00edt\u00e9szet - d72","isPartOf":{"@id":"https:\/\/d72.hu\/#website"},"datePublished":"2022-07-05T09:48:33+00:00","dateModified":"2022-09-13T14:07:02+00:00","breadcrumb":{"@id":"https:\/\/d72.hu\/tervezoi-hatter-belso-epiteszet\/#breadcrumb"},"inLanguage":"en-GB","potentialAction":[{"@type":"ReadAction","target":["https:\/\/d72.hu\/tervezoi-hatter-belso-epiteszet\/"]}]},{"@type":"BreadcrumbList","@id":"https:\/\/d72.hu\/tervezoi-hatter-belso-epiteszet\/#breadcrumb","itemListElement":[{"@type":"ListItem","position":1,"name":"Home","item":"https:\/\/d72.hu\/"},{"@type":"ListItem","position":2,"name":"Tervez\u0151i h\u00e1tt\u00e9r &#8211; bels\u0151 \u00e9p\u00edt\u00e9szet"}]},{"@type":"WebSite","@id":"https:\/\/d72.hu\/#website","url":"https:\/\/d72.hu\/","name":"d72","description":"Residence \u2013 Priv\u00e1t Luxus","publisher":{"@id":"https:\/\/d72.hu\/#organization"},"potentialAction":[{"@type":"SearchAction","target":{"@type":"EntryPoint","urlTemplate":"https:\/\/d72.hu\/?s={search_term_string}"},"query-input":"required name=search_term_string"}],"inLanguage":"en-GB"},{"@type":"Organization","@id":"https:\/\/d72.hu\/#organization","name":"d72","url":"https:\/\/d72.hu\/","logo":{"@type":"ImageObject","inLanguage":"en-GB","@id":"https:\/\/d72.hu\/#\/schema\/logo\/image\/","url":"https:\/\/d72.hu\/wp-content\/uploads\/2022\/06\/favicon.png","contentUrl":"https:\/\/d72.hu\/wp-content\/uploads\/2022\/06\/favicon.png","width":64,"height":64,"caption":"d72"},"image":{"@id":"https:\/\/d72.hu\/#\/schema\/logo\/image\/"},"sameAs":["https:\/\/www.instagram.com\/d72residence\/","https:\/\/www.facebook.com\/d72residence"]}]}},"_links":{"self":[{"href":"https:\/\/d72.hu\/eng\/wp-json\/wp\/v2\/pages\/1307","targetHints":{"allow":["GET"]}}],"collection":[{"href":"https:\/\/d72.hu\/eng\/wp-json\/wp\/v2\/pages"}],"about":[{"href":"https:\/\/d72.hu\/eng\/wp-json\/wp\/v2\/types\/page"}],"author":[{"embeddable":true,"href":"https:\/\/d72.hu\/eng\/wp-json\/wp\/v2\/users\/1"}],"replies":[{"embeddable":true,"href":"https:\/\/d72.hu\/eng\/wp-json\/wp\/v2\/comments?post=1307"}],"version-history":[{"count":9,"href":"https:\/\/d72.hu\/eng\/wp-json\/wp\/v2\/pages\/1307\/revisions"}],"predecessor-version":[{"id":3483,"href":"https:\/\/d72.hu\/eng\/wp-json\/wp\/v2\/pages\/1307\/revisions\/3483"}],"wp:attachment":[{"href":"https:\/\/d72.hu\/eng\/wp-json\/wp\/v2\/media?parent=1307"}],"curies":[{"name":"wp","href":"https:\/\/api.w.org\/{rel}","templated":true}]}}