{"id":1176,"date":"2022-07-04T18:20:54","date_gmt":"2022-07-04T18:20:54","guid":{"rendered":"https:\/\/d72.hu\/?page_id=1176"},"modified":"2022-07-31T17:07:56","modified_gmt":"2022-07-31T17:07:56","slug":"fejlesztoi-hatter","status":"publish","type":"page","link":"https:\/\/d72.hu\/eng\/fejlesztoi-hatter\/","title":{"rendered":"Developer background"},"content":{"rendered":"<div data-elementor-type=\"wp-page\" data-elementor-id=\"1176\" class=\"elementor elementor-1176\">\n\t\t\t\t\t\t<section class=\"elementor-section elementor-top-section elementor-element elementor-element-161a3c2a elementor-section-content-top elementor-section-boxed elementor-section-height-default elementor-section-height-default exad-glass-effect-no exad-sticky-section-no\" data-id=\"161a3c2a\" data-element_type=\"section\" id=\"fejlesztoi-hatter\" data-settings=\"{&quot;background_background&quot;:&quot;classic&quot;}\">\n\t\t\t\t\t\t<div class=\"elementor-container elementor-column-gap-no\">\n\t\t\t\t\t<div class=\"elementor-column elementor-col-50 elementor-top-column elementor-element elementor-element-e34dba6 exad-glass-effect-no exad-sticky-section-no\" data-id=\"e34dba6\" data-element_type=\"column\" data-settings=\"{&quot;background_background&quot;:&quot;classic&quot;}\">\n\t\t\t<div class=\"elementor-widget-wrap elementor-element-populated\">\n\t\t\t\t\t\t<div class=\"elementor-element elementor-element-3ccaefff exad-sticky-section-no exad-glass-effect-no elementor-widget elementor-widget-text-editor\" data-id=\"3ccaefff\" data-element_type=\"widget\" data-widget_type=\"text-editor.default\">\n\t\t\t\t<div class=\"elementor-widget-container\">\n\t\t\t<style>\/*! elementor - v3.22.0 - 26-06-2024 *\/\n.elementor-widget-text-editor.elementor-drop-cap-view-stacked .elementor-drop-cap{background-color:#69727d;color:#fff}.elementor-widget-text-editor.elementor-drop-cap-view-framed .elementor-drop-cap{color:#69727d;border:3px solid;background-color:transparent}.elementor-widget-text-editor:not(.elementor-drop-cap-view-default) .elementor-drop-cap{margin-top:8px}.elementor-widget-text-editor:not(.elementor-drop-cap-view-default) .elementor-drop-cap-letter{width:1em;height:1em}.elementor-widget-text-editor .elementor-drop-cap{float:left;text-align:center;line-height:1;font-size:50px}.elementor-widget-text-editor .elementor-drop-cap-letter{display:inline-block}<\/style>\t\t\t\t<p>Art Property is a young, ambitious company backed by staff with many years of real estate development experience. It has its own team, a reliable system of contractor relations and a proven and well-established circle of subcontractors.<\/p>\t\t\t\t\t\t<\/div>\n\t\t\t\t<\/div>\n\t\t\t\t<div class=\"elementor-element elementor-element-ea4b369 exad-sticky-section-no exad-glass-effect-no elementor-widget elementor-widget-testimonial\" data-id=\"ea4b369\" data-element_type=\"widget\" data-widget_type=\"testimonial.default\">\n\t\t\t\t<div class=\"elementor-widget-container\">\n\t\t\t<style>\/*! elementor - v3.22.0 - 26-06-2024 *\/\n.elementor-testimonial-wrapper{overflow:hidden;text-align:center}.elementor-testimonial-wrapper .elementor-testimonial-content{font-size:1.3em;margin-bottom:20px}.elementor-testimonial-wrapper .elementor-testimonial-name{line-height:1.5;display:block}.elementor-testimonial-wrapper .elementor-testimonial-job{font-size:.85em;display:block}.elementor-testimonial-wrapper .elementor-testimonial-meta{width:100%;line-height:1}.elementor-testimonial-wrapper .elementor-testimonial-meta-inner{display:inline-block}.elementor-testimonial-wrapper .elementor-testimonial-meta .elementor-testimonial-details,.elementor-testimonial-wrapper .elementor-testimonial-meta .elementor-testimonial-image{display:table-cell;vertical-align:middle}.elementor-testimonial-wrapper .elementor-testimonial-meta .elementor-testimonial-image img{width:60px;height:60px;border-radius:50%;-o-object-fit:cover;object-fit:cover;max-width:none}.elementor-testimonial-wrapper .elementor-testimonial-meta.elementor-testimonial-image-position-aside .elementor-testimonial-image{padding-inline-end:15px}.elementor-testimonial-wrapper .elementor-testimonial-meta.elementor-testimonial-image-position-aside .elementor-testimonial-details{text-align:start}.elementor-testimonial-wrapper .elementor-testimonial-meta.elementor-testimonial-image-position-top .elementor-testimonial-details,.elementor-testimonial-wrapper .elementor-testimonial-meta.elementor-testimonial-image-position-top .elementor-testimonial-image{display:block}.elementor-testimonial-wrapper .elementor-testimonial-meta.elementor-testimonial-image-position-top .elementor-testimonial-image{margin-bottom:20px}<\/style>\t\t<div class=\"elementor-testimonial-wrapper\">\n\t\t\t\t\t\t\t<div class=\"elementor-testimonial-content\">\u201cWe know no compromise on professional issues. We are confident that we will be a key player in the Budapest luxury real estate market with our iconic design world. Over the last twenty years, our professional team has implemented several successful developments, not only in Hungary, but also in several major Western European cities. \u201d<\/div>\n\t\t\t\n\t\t\t\t\t<\/div>\n\t\t\t\t<\/div>\n\t\t\t\t<\/div>\n\t\t\t\t<div class=\"elementor-element elementor-element-ef4fc11 exad-sticky-section-no exad-glass-effect-no elementor-widget elementor-widget-text-editor\" data-id=\"ef4fc11\" data-element_type=\"widget\" data-widget_type=\"text-editor.default\">\n\t\t\t\t<div class=\"elementor-widget-container\">\n\t\t\t\t\t\t\t<p>The professional staff has outstanding international experience in the field of real estate development: it has references in real estate utilization, leasing, construction, project management and related services.<\/p>\t\t\t\t\t\t<\/div>\n\t\t\t\t<\/div>\n\t\t\t\t<div class=\"elementor-element elementor-element-3974339e elementor-align-right elementor-tablet-align-center exad-sticky-section-no exad-glass-effect-no elementor-widget elementor-widget-button\" data-id=\"3974339e\" data-element_type=\"widget\" data-widget_type=\"button.default\">\n\t\t\t\t<div class=\"elementor-widget-container\">\n\t\t\t\t\t<div class=\"elementor-button-wrapper\">\n\t\t\t<a class=\"elementor-button elementor-button-link elementor-size-sm\" href=\"https:\/\/d72.hu\/eng\/\">\n\t\t\t\t\t\t<span class=\"elementor-button-content-wrapper\">\n\t\t\t\t\t\t\t\t\t<span class=\"elementor-button-text\">Back<\/span>\n\t\t\t\t\t<\/span>\n\t\t\t\t\t<\/a>\n\t\t<\/div>\n\t\t\t\t<\/div>\n\t\t\t\t<\/div>\n\t\t\t\t\t<\/div>\n\t\t<\/div>\n\t\t\t\t<div class=\"elementor-column elementor-col-50 elementor-top-column elementor-element elementor-element-301c6524 exad-glass-effect-no exad-sticky-section-no\" data-id=\"301c6524\" data-element_type=\"column\">\n\t\t\t<div class=\"elementor-widget-wrap elementor-element-populated\">\n\t\t\t\t\t\t<div class=\"elementor-element elementor-element-2cf550b7 elementor-absolute elementor-hidden-tablet elementor-hidden-mobile exad-sticky-section-no exad-glass-effect-no elementor-widget elementor-widget-image\" data-id=\"2cf550b7\" data-element_type=\"widget\" id=\"fejlesztoi-hatter-image\" data-settings=\"{&quot;_position&quot;:&quot;absolute&quot;}\" data-widget_type=\"image.default\">\n\t\t\t\t<div class=\"elementor-widget-container\">\n\t\t\t<style>\/*! elementor - v3.22.0 - 26-06-2024 *\/\n.elementor-widget-image{text-align:center}.elementor-widget-image a{display:inline-block}.elementor-widget-image a img[src$=\".svg\"]{width:48px}.elementor-widget-image img{vertical-align:middle;display:inline-block}<\/style>\t\t\t\t\t\t\t\t\t\t<img fetchpriority=\"high\" decoding=\"async\" width=\"1372\" height=\"1576\" src=\"https:\/\/d72.hu\/wp-content\/uploads\/2022\/07\/fejlesztoi-hatter.jpg\" class=\"attachment-full size-full wp-image-1191\" alt=\"\" srcset=\"https:\/\/d72.hu\/wp-content\/uploads\/2022\/07\/fejlesztoi-hatter.jpg 1372w, https:\/\/d72.hu\/wp-content\/uploads\/2022\/07\/fejlesztoi-hatter-261x300.jpg 261w, https:\/\/d72.hu\/wp-content\/uploads\/2022\/07\/fejlesztoi-hatter-891x1024.jpg 891w, https:\/\/d72.hu\/wp-content\/uploads\/2022\/07\/fejlesztoi-hatter-768x882.jpg 768w, https:\/\/d72.hu\/wp-content\/uploads\/2022\/07\/fejlesztoi-hatter-1337x1536.jpg 1337w\" sizes=\"(max-width: 1372px) 100vw, 1372px\" style=\"width:100%;height:114.87%;max-width:1372px\" \/>\t\t\t\t\t\t\t\t\t\t\t\t\t<\/div>\n\t\t\t\t<\/div>\n\t\t\t\t<div class=\"elementor-element elementor-element-df5ffac elementor-absolute elementor-hidden-desktop exad-sticky-section-no exad-glass-effect-no elementor-widget elementor-widget-image\" data-id=\"df5ffac\" data-element_type=\"widget\" id=\"fejlesztoi-hatter-image\" data-settings=\"{&quot;_position&quot;:&quot;absolute&quot;}\" data-widget_type=\"image.default\">\n\t\t\t\t<div class=\"elementor-widget-container\">\n\t\t\t\t\t\t\t\t\t\t\t\t\t<img decoding=\"async\" width=\"327\" height=\"454\" src=\"https:\/\/d72.hu\/wp-content\/uploads\/2022\/07\/fejlesztoi-hatter-tablet.png\" class=\"attachment-full size-full wp-image-2825\" alt=\"\" srcset=\"https:\/\/d72.hu\/wp-content\/uploads\/2022\/07\/fejlesztoi-hatter-tablet.png 327w, https:\/\/d72.hu\/wp-content\/uploads\/2022\/07\/fejlesztoi-hatter-tablet-216x300.png 216w\" sizes=\"(max-width: 327px) 100vw, 327px\" style=\"width:100%;height:138.84%;max-width:327px\" \/>\t\t\t\t\t\t\t\t\t\t\t\t\t<\/div>\n\t\t\t\t<\/div>\n\t\t\t\t\t<\/div>\n\t\t<\/div>\n\t\t\t\t\t<\/div>\n\t\t<\/section>\n\t\t\t\t<\/div>","protected":false},"excerpt":{"rendered":"<p>Az Art Property egy fiatal, ambici\u00f3zus c\u00e9g, ami m\u00f6g\u00f6tt sok \u00e9ves ingatlanfejleszt\u00e9si tapasztalattal b\u00edr\u00f3 munkat\u00e1rsak \u00e1llnak. Saj\u00e1t csapattal, megb\u00edzhat\u00f3 kivitelez\u0151i kapcsolatrendszerrel \u00e9s m\u00e1r bizony\u00edtott, j\u00f3l bev\u00e1lt alv\u00e1llalkoz\u00f3i k\u00f6rrel rendelkezik &#8220;Szakmai k\u00e9rd\u00e9sekben nem ismer\u00fcnk kompromisszumot. Biztosak vagyunk abban, hogy a v\u00e9djegy\u00fcnk\u00e9 v\u00e1l\u00f3 ikonikus formavil\u00e1ggal meghat\u00e1roz\u00f3 szerepl\u0151i lesz\u00fcnk a budapesti luxusingatlanpiacon. Szakmai csapatunk az elm\u00falt h\u00fasz \u00e9vben&hellip; <a class=\"more-link\" href=\"https:\/\/d72.hu\/eng\/fejlesztoi-hatter\/\">Continue reading <span class=\"screen-reader-text\">Developer background<\/span><\/a><\/p>","protected":false},"author":1,"featured_media":0,"parent":0,"menu_order":0,"comment_status":"closed","ping_status":"closed","template":"elementor_header_footer","meta":{"footnotes":""},"class_list":["post-1176","page","type-page","status-publish","hentry","entry"],"yoast_head":"<!-- This site is optimized with the Yoast SEO plugin v20.0 - https:\/\/yoast.com\/wordpress\/plugins\/seo\/ -->\n<title>Fejleszt\u0151i h\u00e1tt\u00e9r - d72<\/title>\n<meta name=\"robots\" content=\"index, follow, max-snippet:-1, max-image-preview:large, max-video-preview:-1\" \/>\n<link rel=\"canonical\" href=\"https:\/\/d72.hu\/eng\/fejlesztoi-hatter\/\" \/>\n<meta property=\"og:locale\" content=\"en_GB\" \/>\n<meta property=\"og:type\" content=\"article\" \/>\n<meta property=\"og:title\" content=\"Fejleszt\u0151i h\u00e1tt\u00e9r - d72\" \/>\n<meta property=\"og:description\" content=\"Az Art Property egy fiatal, ambici\u00f3zus c\u00e9g, ami m\u00f6g\u00f6tt sok \u00e9ves ingatlanfejleszt\u00e9si tapasztalattal b\u00edr\u00f3 munkat\u00e1rsak \u00e1llnak. Saj\u00e1t csapattal, megb\u00edzhat\u00f3 kivitelez\u0151i kapcsolatrendszerrel \u00e9s m\u00e1r bizony\u00edtott, j\u00f3l bev\u00e1lt alv\u00e1llalkoz\u00f3i k\u00f6rrel rendelkezik &#8220;Szakmai k\u00e9rd\u00e9sekben nem ismer\u00fcnk kompromisszumot. Biztosak vagyunk abban, hogy a v\u00e9djegy\u00fcnk\u00e9 v\u00e1l\u00f3 ikonikus formavil\u00e1ggal meghat\u00e1roz\u00f3 szerepl\u0151i lesz\u00fcnk a budapesti luxusingatlanpiacon. Szakmai csapatunk az elm\u00falt h\u00fasz \u00e9vben&hellip; Continue reading Fejleszt\u0151i h\u00e1tt\u00e9r\" \/>\n<meta property=\"og:url\" content=\"https:\/\/d72.hu\/eng\/fejlesztoi-hatter\/\" \/>\n<meta property=\"og:site_name\" content=\"d72\" \/>\n<meta property=\"article:publisher\" content=\"https:\/\/www.facebook.com\/d72residence\" \/>\n<meta property=\"article:modified_time\" content=\"2022-07-31T17:07:56+00:00\" \/>\n<meta property=\"og:image\" content=\"https:\/\/d72.hu\/wp-content\/uploads\/2022\/07\/fejlesztoi-hatter.jpg\" \/>\n<meta name=\"twitter:card\" content=\"summary_large_image\" \/>\n<meta name=\"twitter:label1\" content=\"Est. reading time\" \/>\n\t<meta name=\"twitter:data1\" content=\"1 minute\" \/>\n<script type=\"application\/ld+json\" class=\"yoast-schema-graph\">{\"@context\":\"https:\/\/schema.org\",\"@graph\":[{\"@type\":\"WebPage\",\"@id\":\"https:\/\/d72.hu\/fejlesztoi-hatter\/\",\"url\":\"https:\/\/d72.hu\/fejlesztoi-hatter\/\",\"name\":\"Fejleszt\u0151i h\u00e1tt\u00e9r - d72\",\"isPartOf\":{\"@id\":\"https:\/\/d72.hu\/#website\"},\"datePublished\":\"2022-07-04T18:20:54+00:00\",\"dateModified\":\"2022-07-31T17:07:56+00:00\",\"breadcrumb\":{\"@id\":\"https:\/\/d72.hu\/fejlesztoi-hatter\/#breadcrumb\"},\"inLanguage\":\"en-GB\",\"potentialAction\":[{\"@type\":\"ReadAction\",\"target\":[\"https:\/\/d72.hu\/fejlesztoi-hatter\/\"]}]},{\"@type\":\"BreadcrumbList\",\"@id\":\"https:\/\/d72.hu\/fejlesztoi-hatter\/#breadcrumb\",\"itemListElement\":[{\"@type\":\"ListItem\",\"position\":1,\"name\":\"Home\",\"item\":\"https:\/\/d72.hu\/\"},{\"@type\":\"ListItem\",\"position\":2,\"name\":\"Fejleszt\u0151i h\u00e1tt\u00e9r\"}]},{\"@type\":\"WebSite\",\"@id\":\"https:\/\/d72.hu\/#website\",\"url\":\"https:\/\/d72.hu\/\",\"name\":\"d72\",\"description\":\"Residence \u2013 Priv\u00e1t Luxus\",\"publisher\":{\"@id\":\"https:\/\/d72.hu\/#organization\"},\"potentialAction\":[{\"@type\":\"SearchAction\",\"target\":{\"@type\":\"EntryPoint\",\"urlTemplate\":\"https:\/\/d72.hu\/?s={search_term_string}\"},\"query-input\":\"required name=search_term_string\"}],\"inLanguage\":\"en-GB\"},{\"@type\":\"Organization\",\"@id\":\"https:\/\/d72.hu\/#organization\",\"name\":\"d72\",\"url\":\"https:\/\/d72.hu\/\",\"logo\":{\"@type\":\"ImageObject\",\"inLanguage\":\"en-GB\",\"@id\":\"https:\/\/d72.hu\/#\/schema\/logo\/image\/\",\"url\":\"https:\/\/d72.hu\/wp-content\/uploads\/2022\/06\/favicon.png\",\"contentUrl\":\"https:\/\/d72.hu\/wp-content\/uploads\/2022\/06\/favicon.png\",\"width\":64,\"height\":64,\"caption\":\"d72\"},\"image\":{\"@id\":\"https:\/\/d72.hu\/#\/schema\/logo\/image\/\"},\"sameAs\":[\"https:\/\/www.instagram.com\/d72residence\/\",\"https:\/\/www.facebook.com\/d72residence\"]}]}<\/script>\n<!-- \/ Yoast SEO plugin. -->","yoast_head_json":{"title":"Fejleszt\u0151i h\u00e1tt\u00e9r - d72","robots":{"index":"index","follow":"follow","max-snippet":"max-snippet:-1","max-image-preview":"max-image-preview:large","max-video-preview":"max-video-preview:-1"},"canonical":"https:\/\/d72.hu\/eng\/fejlesztoi-hatter\/","og_locale":"en_GB","og_type":"article","og_title":"Fejleszt\u0151i h\u00e1tt\u00e9r - d72","og_description":"Az Art Property egy fiatal, ambici\u00f3zus c\u00e9g, ami m\u00f6g\u00f6tt sok \u00e9ves ingatlanfejleszt\u00e9si tapasztalattal b\u00edr\u00f3 munkat\u00e1rsak \u00e1llnak. Saj\u00e1t csapattal, megb\u00edzhat\u00f3 kivitelez\u0151i kapcsolatrendszerrel \u00e9s m\u00e1r bizony\u00edtott, j\u00f3l bev\u00e1lt alv\u00e1llalkoz\u00f3i k\u00f6rrel rendelkezik &#8220;Szakmai k\u00e9rd\u00e9sekben nem ismer\u00fcnk kompromisszumot. Biztosak vagyunk abban, hogy a v\u00e9djegy\u00fcnk\u00e9 v\u00e1l\u00f3 ikonikus formavil\u00e1ggal meghat\u00e1roz\u00f3 szerepl\u0151i lesz\u00fcnk a budapesti luxusingatlanpiacon. Szakmai csapatunk az elm\u00falt h\u00fasz \u00e9vben&hellip; Continue reading Fejleszt\u0151i h\u00e1tt\u00e9r","og_url":"https:\/\/d72.hu\/eng\/fejlesztoi-hatter\/","og_site_name":"d72","article_publisher":"https:\/\/www.facebook.com\/d72residence","article_modified_time":"2022-07-31T17:07:56+00:00","og_image":[{"url":"https:\/\/d72.hu\/wp-content\/uploads\/2022\/07\/fejlesztoi-hatter.jpg"}],"twitter_card":"summary_large_image","twitter_misc":{"Est. reading time":"1 minute"},"schema":{"@context":"https:\/\/schema.org","@graph":[{"@type":"WebPage","@id":"https:\/\/d72.hu\/fejlesztoi-hatter\/","url":"https:\/\/d72.hu\/fejlesztoi-hatter\/","name":"Fejleszt\u0151i h\u00e1tt\u00e9r - d72","isPartOf":{"@id":"https:\/\/d72.hu\/#website"},"datePublished":"2022-07-04T18:20:54+00:00","dateModified":"2022-07-31T17:07:56+00:00","breadcrumb":{"@id":"https:\/\/d72.hu\/fejlesztoi-hatter\/#breadcrumb"},"inLanguage":"en-GB","potentialAction":[{"@type":"ReadAction","target":["https:\/\/d72.hu\/fejlesztoi-hatter\/"]}]},{"@type":"BreadcrumbList","@id":"https:\/\/d72.hu\/fejlesztoi-hatter\/#breadcrumb","itemListElement":[{"@type":"ListItem","position":1,"name":"Home","item":"https:\/\/d72.hu\/"},{"@type":"ListItem","position":2,"name":"Fejleszt\u0151i h\u00e1tt\u00e9r"}]},{"@type":"WebSite","@id":"https:\/\/d72.hu\/#website","url":"https:\/\/d72.hu\/","name":"d72","description":"Residence \u2013 Priv\u00e1t Luxus","publisher":{"@id":"https:\/\/d72.hu\/#organization"},"potentialAction":[{"@type":"SearchAction","target":{"@type":"EntryPoint","urlTemplate":"https:\/\/d72.hu\/?s={search_term_string}"},"query-input":"required name=search_term_string"}],"inLanguage":"en-GB"},{"@type":"Organization","@id":"https:\/\/d72.hu\/#organization","name":"d72","url":"https:\/\/d72.hu\/","logo":{"@type":"ImageObject","inLanguage":"en-GB","@id":"https:\/\/d72.hu\/#\/schema\/logo\/image\/","url":"https:\/\/d72.hu\/wp-content\/uploads\/2022\/06\/favicon.png","contentUrl":"https:\/\/d72.hu\/wp-content\/uploads\/2022\/06\/favicon.png","width":64,"height":64,"caption":"d72"},"image":{"@id":"https:\/\/d72.hu\/#\/schema\/logo\/image\/"},"sameAs":["https:\/\/www.instagram.com\/d72residence\/","https:\/\/www.facebook.com\/d72residence"]}]}},"_links":{"self":[{"href":"https:\/\/d72.hu\/eng\/wp-json\/wp\/v2\/pages\/1176","targetHints":{"allow":["GET"]}}],"collection":[{"href":"https:\/\/d72.hu\/eng\/wp-json\/wp\/v2\/pages"}],"about":[{"href":"https:\/\/d72.hu\/eng\/wp-json\/wp\/v2\/types\/page"}],"author":[{"embeddable":true,"href":"https:\/\/d72.hu\/eng\/wp-json\/wp\/v2\/users\/1"}],"replies":[{"embeddable":true,"href":"https:\/\/d72.hu\/eng\/wp-json\/wp\/v2\/comments?post=1176"}],"version-history":[{"count":0,"href":"https:\/\/d72.hu\/eng\/wp-json\/wp\/v2\/pages\/1176\/revisions"}],"wp:attachment":[{"href":"https:\/\/d72.hu\/eng\/wp-json\/wp\/v2\/media?parent=1176"}],"curies":[{"name":"wp","href":"https:\/\/api.w.org\/{rel}","templated":true}]}}