{"id":1112,"date":"2022-07-04T16:41:47","date_gmt":"2022-07-04T16:41:47","guid":{"rendered":"https:\/\/d72.hu\/?page_id=1112"},"modified":"2022-11-02T09:12:13","modified_gmt":"2022-11-02T09:12:13","slug":"epiteszeti-koncepcio","status":"publish","type":"page","link":"https:\/\/d72.hu\/eng\/epiteszeti-koncepcio\/","title":{"rendered":"Architecture concept"},"content":{"rendered":"<div data-elementor-type=\"wp-page\" data-elementor-id=\"1112\" class=\"elementor elementor-1112\">\n\t\t\t\t\t\t<section class=\"elementor-section elementor-top-section elementor-element elementor-element-6a0d78d elementor-section-content-top elementor-section-boxed elementor-section-height-default elementor-section-height-default exad-glass-effect-no exad-sticky-section-no\" data-id=\"6a0d78d\" data-element_type=\"section\" data-settings=\"{&quot;background_background&quot;:&quot;classic&quot;}\">\n\t\t\t\t\t\t<div class=\"elementor-container elementor-column-gap-no\">\n\t\t\t\t\t<div class=\"elementor-column elementor-col-50 elementor-top-column elementor-element elementor-element-f161ccb exad-glass-effect-no exad-sticky-section-no\" data-id=\"f161ccb\" data-element_type=\"column\" data-settings=\"{&quot;background_background&quot;:&quot;classic&quot;}\">\n\t\t\t<div class=\"elementor-widget-wrap elementor-element-populated\">\n\t\t\t\t\t\t<div class=\"elementor-element elementor-element-e8dd42a exad-sticky-section-no exad-glass-effect-no elementor-widget elementor-widget-text-editor\" data-id=\"e8dd42a\" data-element_type=\"widget\" data-widget_type=\"text-editor.default\">\n\t\t\t\t<div class=\"elementor-widget-container\">\n\t\t\t<style>\/*! elementor - v3.22.0 - 26-06-2024 *\/\n.elementor-widget-text-editor.elementor-drop-cap-view-stacked .elementor-drop-cap{background-color:#69727d;color:#fff}.elementor-widget-text-editor.elementor-drop-cap-view-framed .elementor-drop-cap{color:#69727d;border:3px solid;background-color:transparent}.elementor-widget-text-editor:not(.elementor-drop-cap-view-default) .elementor-drop-cap{margin-top:8px}.elementor-widget-text-editor:not(.elementor-drop-cap-view-default) .elementor-drop-cap-letter{width:1em;height:1em}.elementor-widget-text-editor .elementor-drop-cap{float:left;text-align:center;line-height:1;font-size:50px}.elementor-widget-text-editor .elementor-drop-cap-letter{display:inline-block}<\/style>\t\t\t\t<p>We thought of a concept that would not just create a dozen apartments, but a new standard in the real estate market. We have established a new basis for luxury, both in terms of location and design. Our aim was to exceed the highest expectations.<\/p><p>\u00a0<\/p><p>In the over-stressed urban environment, it is particularly important to protect our privacy and be close to nature: it is the only way to live a balanced, safe life. Thanks to its unique location and outstanding features, these seven villa apartments  are sold by pre-registration and only available to a limited number of people -<\/p><p>\u00a0<\/p><p><b> this is what gives them their true exclusivity.<\/b><\/p><p>\u00a0<\/p><p>Protecting privacy and maintaining intimacy has been a key design principle, while creating stunning, iconic living spaces in luxury homes with a sense of eternal elegance. Fully customisable interiors and outstanding technical features set up a harmonious home of undisturbed peace and tranquillity in a natural setting, in a location and with exceptional amenities that are now available to very few.<\/p>\t\t\t\t\t\t<\/div>\n\t\t\t\t<\/div>\n\t\t\t\t<div class=\"elementor-element elementor-element-60c94ac elementor-align-right elementor-tablet-align-center exad-sticky-section-no exad-glass-effect-no elementor-widget elementor-widget-button\" data-id=\"60c94ac\" data-element_type=\"widget\" data-widget_type=\"button.default\">\n\t\t\t\t<div class=\"elementor-widget-container\">\n\t\t\t\t\t<div class=\"elementor-button-wrapper\">\n\t\t\t<a class=\"elementor-button elementor-button-link elementor-size-sm\" href=\"https:\/\/d72.hu\/eng\/\">\n\t\t\t\t\t\t<span class=\"elementor-button-content-wrapper\">\n\t\t\t\t\t\t\t\t\t<span class=\"elementor-button-text\">Back<\/span>\n\t\t\t\t\t<\/span>\n\t\t\t\t\t<\/a>\n\t\t<\/div>\n\t\t\t\t<\/div>\n\t\t\t\t<\/div>\n\t\t\t\t\t<\/div>\n\t\t<\/div>\n\t\t\t\t<div class=\"elementor-column elementor-col-50 elementor-top-column elementor-element elementor-element-0e4eef2 exad-glass-effect-no exad-sticky-section-no\" data-id=\"0e4eef2\" data-element_type=\"column\">\n\t\t\t<div class=\"elementor-widget-wrap elementor-element-populated\">\n\t\t\t\t\t\t<div class=\"elementor-element elementor-element-cef8263 elementor-absolute elementor-hidden-tablet elementor-hidden-mobile exad-sticky-section-no exad-glass-effect-no elementor-widget elementor-widget-image\" data-id=\"cef8263\" data-element_type=\"widget\" id=\"epiteszeti-koncepcio-image\" data-settings=\"{&quot;_position&quot;:&quot;absolute&quot;}\" data-widget_type=\"image.default\">\n\t\t\t\t<div class=\"elementor-widget-container\">\n\t\t\t<style>\/*! elementor - v3.22.0 - 26-06-2024 *\/\n.elementor-widget-image{text-align:center}.elementor-widget-image a{display:inline-block}.elementor-widget-image a img[src$=\".svg\"]{width:48px}.elementor-widget-image img{vertical-align:middle;display:inline-block}<\/style>\t\t\t\t\t\t\t\t\t\t<img fetchpriority=\"high\" decoding=\"async\" width=\"1372\" height=\"1576\" src=\"https:\/\/d72.hu\/wp-content\/uploads\/2022\/11\/epiteszeti-koncepcio-belso-1.jpg\" class=\"attachment-full size-full wp-image-3637\" alt=\"\" srcset=\"https:\/\/d72.hu\/wp-content\/uploads\/2022\/11\/epiteszeti-koncepcio-belso-1.jpg 1372w, https:\/\/d72.hu\/wp-content\/uploads\/2022\/11\/epiteszeti-koncepcio-belso-1-261x300.jpg 261w, https:\/\/d72.hu\/wp-content\/uploads\/2022\/11\/epiteszeti-koncepcio-belso-1-891x1024.jpg 891w, https:\/\/d72.hu\/wp-content\/uploads\/2022\/11\/epiteszeti-koncepcio-belso-1-768x882.jpg 768w, https:\/\/d72.hu\/wp-content\/uploads\/2022\/11\/epiteszeti-koncepcio-belso-1-1337x1536.jpg 1337w, https:\/\/d72.hu\/wp-content\/uploads\/2022\/11\/epiteszeti-koncepcio-belso-1-10x12.jpg 10w\" sizes=\"(max-width: 1372px) 100vw, 1372px\" style=\"width:100%;height:114.87%;max-width:1372px\" \/>\t\t\t\t\t\t\t\t\t\t\t\t\t<\/div>\n\t\t\t\t<\/div>\n\t\t\t\t<div class=\"elementor-element elementor-element-fb4f44b elementor-hidden-desktop elementor-absolute exad-sticky-section-no exad-glass-effect-no elementor-widget elementor-widget-image\" data-id=\"fb4f44b\" data-element_type=\"widget\" id=\"epiteszeti-koncepcio-image\" data-settings=\"{&quot;_position&quot;:&quot;absolute&quot;}\" data-widget_type=\"image.default\">\n\t\t\t\t<div class=\"elementor-widget-container\">\n\t\t\t\t\t\t\t\t\t\t\t\t\t<img fetchpriority=\"high\" decoding=\"async\" width=\"1372\" height=\"1576\" src=\"https:\/\/d72.hu\/wp-content\/uploads\/2022\/11\/epiteszeti-koncepcio-belso-1.jpg\" class=\"attachment-full size-full wp-image-3637\" alt=\"\" srcset=\"https:\/\/d72.hu\/wp-content\/uploads\/2022\/11\/epiteszeti-koncepcio-belso-1.jpg 1372w, https:\/\/d72.hu\/wp-content\/uploads\/2022\/11\/epiteszeti-koncepcio-belso-1-261x300.jpg 261w, https:\/\/d72.hu\/wp-content\/uploads\/2022\/11\/epiteszeti-koncepcio-belso-1-891x1024.jpg 891w, https:\/\/d72.hu\/wp-content\/uploads\/2022\/11\/epiteszeti-koncepcio-belso-1-768x882.jpg 768w, https:\/\/d72.hu\/wp-content\/uploads\/2022\/11\/epiteszeti-koncepcio-belso-1-1337x1536.jpg 1337w, https:\/\/d72.hu\/wp-content\/uploads\/2022\/11\/epiteszeti-koncepcio-belso-1-10x12.jpg 10w\" sizes=\"(max-width: 1372px) 100vw, 1372px\" style=\"width:100%;height:114.87%;max-width:1372px\" \/>\t\t\t\t\t\t\t\t\t\t\t\t\t<\/div>\n\t\t\t\t<\/div>\n\t\t\t\t\t<\/div>\n\t\t<\/div>\n\t\t\t\t\t<\/div>\n\t\t<\/section>\n\t\t\t\t<\/div>","protected":false},"excerpt":{"rendered":"<p>Olyan koncepci\u00f3ban gondolkodtunk, amely nem csup\u00e1n egy tucatterm\u00e9ket hoz l\u00e9tre, hanem \u00faj sztenderdet teremt az ingatlanpiacon. \u00daj alapokra helyezt\u00fck a luxuskateg\u00f3ri\u00e1t mind a helysz\u00edn, mind a tervez\u0151i megold\u00e1sok kiv\u00e1laszt\u00e1s\u00e1val. A c\u00e9lunk az volt, hogy a legmagasabb elv\u00e1r\u00e1sokat is fel\u00fclm\u00faljuk. \u00a0 A nagyv\u00e1rosi t\u00falhajszolt k\u00f6rnyezetben k\u00fcl\u00f6n\u00f6sen fontos a priv\u00e1tszf\u00e9ra v\u00e9delme \u00e9s a term\u00e9szet k\u00f6zels\u00e9ge: csak \u00edgy&hellip; <a class=\"more-link\" href=\"https:\/\/d72.hu\/eng\/epiteszeti-koncepcio\/\">Continue reading <span class=\"screen-reader-text\">Architecture concept<\/span><\/a><\/p>","protected":false},"author":1,"featured_media":0,"parent":0,"menu_order":0,"comment_status":"closed","ping_status":"closed","template":"elementor_header_footer","meta":{"footnotes":""},"class_list":["post-1112","page","type-page","status-publish","hentry","entry"],"yoast_head":"<!-- This site is optimized with the Yoast SEO plugin v20.0 - https:\/\/yoast.com\/wordpress\/plugins\/seo\/ -->\n<title>\u00c9p\u00edt\u00e9szeti koncepci\u00f3 - d72<\/title>\n<meta name=\"robots\" content=\"index, follow, max-snippet:-1, max-image-preview:large, max-video-preview:-1\" \/>\n<link rel=\"canonical\" href=\"https:\/\/d72.hu\/eng\/epiteszeti-koncepcio\/\" \/>\n<meta property=\"og:locale\" content=\"en_GB\" \/>\n<meta property=\"og:type\" content=\"article\" \/>\n<meta property=\"og:title\" content=\"\u00c9p\u00edt\u00e9szeti koncepci\u00f3 - d72\" \/>\n<meta property=\"og:description\" content=\"Olyan koncepci\u00f3ban gondolkodtunk, amely nem csup\u00e1n egy tucatterm\u00e9ket hoz l\u00e9tre, hanem \u00faj sztenderdet teremt az ingatlanpiacon. \u00daj alapokra helyezt\u00fck a luxuskateg\u00f3ri\u00e1t mind a helysz\u00edn, mind a tervez\u0151i megold\u00e1sok kiv\u00e1laszt\u00e1s\u00e1val. A c\u00e9lunk az volt, hogy a legmagasabb elv\u00e1r\u00e1sokat is fel\u00fclm\u00faljuk. \u00a0 A nagyv\u00e1rosi t\u00falhajszolt k\u00f6rnyezetben k\u00fcl\u00f6n\u00f6sen fontos a priv\u00e1tszf\u00e9ra v\u00e9delme \u00e9s a term\u00e9szet k\u00f6zels\u00e9ge: csak \u00edgy&hellip; Continue reading \u00c9p\u00edt\u00e9szeti koncepci\u00f3\" \/>\n<meta property=\"og:url\" content=\"https:\/\/d72.hu\/eng\/epiteszeti-koncepcio\/\" \/>\n<meta property=\"og:site_name\" content=\"d72\" \/>\n<meta property=\"article:publisher\" content=\"https:\/\/www.facebook.com\/d72residence\" \/>\n<meta property=\"article:modified_time\" content=\"2022-11-02T09:12:13+00:00\" \/>\n<meta property=\"og:image\" content=\"https:\/\/d72.hu\/wp-content\/uploads\/2022\/11\/epiteszeti-koncepcio-belso-1.jpg\" \/>\n<meta name=\"twitter:card\" content=\"summary_large_image\" \/>\n<meta name=\"twitter:label1\" content=\"Est. reading time\" \/>\n\t<meta name=\"twitter:data1\" content=\"2 minutes\" \/>\n<script type=\"application\/ld+json\" class=\"yoast-schema-graph\">{\"@context\":\"https:\/\/schema.org\",\"@graph\":[{\"@type\":\"WebPage\",\"@id\":\"https:\/\/d72.hu\/epiteszeti-koncepcio\/\",\"url\":\"https:\/\/d72.hu\/epiteszeti-koncepcio\/\",\"name\":\"\u00c9p\u00edt\u00e9szeti koncepci\u00f3 - d72\",\"isPartOf\":{\"@id\":\"https:\/\/d72.hu\/#website\"},\"datePublished\":\"2022-07-04T16:41:47+00:00\",\"dateModified\":\"2022-11-02T09:12:13+00:00\",\"breadcrumb\":{\"@id\":\"https:\/\/d72.hu\/epiteszeti-koncepcio\/#breadcrumb\"},\"inLanguage\":\"en-GB\",\"potentialAction\":[{\"@type\":\"ReadAction\",\"target\":[\"https:\/\/d72.hu\/epiteszeti-koncepcio\/\"]}]},{\"@type\":\"BreadcrumbList\",\"@id\":\"https:\/\/d72.hu\/epiteszeti-koncepcio\/#breadcrumb\",\"itemListElement\":[{\"@type\":\"ListItem\",\"position\":1,\"name\":\"Home\",\"item\":\"https:\/\/d72.hu\/\"},{\"@type\":\"ListItem\",\"position\":2,\"name\":\"\u00c9p\u00edt\u00e9szeti koncepci\u00f3\"}]},{\"@type\":\"WebSite\",\"@id\":\"https:\/\/d72.hu\/#website\",\"url\":\"https:\/\/d72.hu\/\",\"name\":\"d72\",\"description\":\"Residence \u2013 Priv\u00e1t Luxus\",\"publisher\":{\"@id\":\"https:\/\/d72.hu\/#organization\"},\"potentialAction\":[{\"@type\":\"SearchAction\",\"target\":{\"@type\":\"EntryPoint\",\"urlTemplate\":\"https:\/\/d72.hu\/?s={search_term_string}\"},\"query-input\":\"required name=search_term_string\"}],\"inLanguage\":\"en-GB\"},{\"@type\":\"Organization\",\"@id\":\"https:\/\/d72.hu\/#organization\",\"name\":\"d72\",\"url\":\"https:\/\/d72.hu\/\",\"logo\":{\"@type\":\"ImageObject\",\"inLanguage\":\"en-GB\",\"@id\":\"https:\/\/d72.hu\/#\/schema\/logo\/image\/\",\"url\":\"https:\/\/d72.hu\/wp-content\/uploads\/2022\/06\/favicon.png\",\"contentUrl\":\"https:\/\/d72.hu\/wp-content\/uploads\/2022\/06\/favicon.png\",\"width\":64,\"height\":64,\"caption\":\"d72\"},\"image\":{\"@id\":\"https:\/\/d72.hu\/#\/schema\/logo\/image\/\"},\"sameAs\":[\"https:\/\/www.instagram.com\/d72residence\/\",\"https:\/\/www.facebook.com\/d72residence\"]}]}<\/script>\n<!-- \/ Yoast SEO plugin. -->","yoast_head_json":{"title":"\u00c9p\u00edt\u00e9szeti koncepci\u00f3 - d72","robots":{"index":"index","follow":"follow","max-snippet":"max-snippet:-1","max-image-preview":"max-image-preview:large","max-video-preview":"max-video-preview:-1"},"canonical":"https:\/\/d72.hu\/eng\/epiteszeti-koncepcio\/","og_locale":"en_GB","og_type":"article","og_title":"\u00c9p\u00edt\u00e9szeti koncepci\u00f3 - d72","og_description":"Olyan koncepci\u00f3ban gondolkodtunk, amely nem csup\u00e1n egy tucatterm\u00e9ket hoz l\u00e9tre, hanem \u00faj sztenderdet teremt az ingatlanpiacon. \u00daj alapokra helyezt\u00fck a luxuskateg\u00f3ri\u00e1t mind a helysz\u00edn, mind a tervez\u0151i megold\u00e1sok kiv\u00e1laszt\u00e1s\u00e1val. A c\u00e9lunk az volt, hogy a legmagasabb elv\u00e1r\u00e1sokat is fel\u00fclm\u00faljuk. \u00a0 A nagyv\u00e1rosi t\u00falhajszolt k\u00f6rnyezetben k\u00fcl\u00f6n\u00f6sen fontos a priv\u00e1tszf\u00e9ra v\u00e9delme \u00e9s a term\u00e9szet k\u00f6zels\u00e9ge: csak \u00edgy&hellip; Continue reading \u00c9p\u00edt\u00e9szeti koncepci\u00f3","og_url":"https:\/\/d72.hu\/eng\/epiteszeti-koncepcio\/","og_site_name":"d72","article_publisher":"https:\/\/www.facebook.com\/d72residence","article_modified_time":"2022-11-02T09:12:13+00:00","og_image":[{"url":"https:\/\/d72.hu\/wp-content\/uploads\/2022\/11\/epiteszeti-koncepcio-belso-1.jpg"}],"twitter_card":"summary_large_image","twitter_misc":{"Est. reading time":"2 minutes"},"schema":{"@context":"https:\/\/schema.org","@graph":[{"@type":"WebPage","@id":"https:\/\/d72.hu\/epiteszeti-koncepcio\/","url":"https:\/\/d72.hu\/epiteszeti-koncepcio\/","name":"\u00c9p\u00edt\u00e9szeti koncepci\u00f3 - d72","isPartOf":{"@id":"https:\/\/d72.hu\/#website"},"datePublished":"2022-07-04T16:41:47+00:00","dateModified":"2022-11-02T09:12:13+00:00","breadcrumb":{"@id":"https:\/\/d72.hu\/epiteszeti-koncepcio\/#breadcrumb"},"inLanguage":"en-GB","potentialAction":[{"@type":"ReadAction","target":["https:\/\/d72.hu\/epiteszeti-koncepcio\/"]}]},{"@type":"BreadcrumbList","@id":"https:\/\/d72.hu\/epiteszeti-koncepcio\/#breadcrumb","itemListElement":[{"@type":"ListItem","position":1,"name":"Home","item":"https:\/\/d72.hu\/"},{"@type":"ListItem","position":2,"name":"\u00c9p\u00edt\u00e9szeti koncepci\u00f3"}]},{"@type":"WebSite","@id":"https:\/\/d72.hu\/#website","url":"https:\/\/d72.hu\/","name":"d72","description":"Residence \u2013 Priv\u00e1t Luxus","publisher":{"@id":"https:\/\/d72.hu\/#organization"},"potentialAction":[{"@type":"SearchAction","target":{"@type":"EntryPoint","urlTemplate":"https:\/\/d72.hu\/?s={search_term_string}"},"query-input":"required name=search_term_string"}],"inLanguage":"en-GB"},{"@type":"Organization","@id":"https:\/\/d72.hu\/#organization","name":"d72","url":"https:\/\/d72.hu\/","logo":{"@type":"ImageObject","inLanguage":"en-GB","@id":"https:\/\/d72.hu\/#\/schema\/logo\/image\/","url":"https:\/\/d72.hu\/wp-content\/uploads\/2022\/06\/favicon.png","contentUrl":"https:\/\/d72.hu\/wp-content\/uploads\/2022\/06\/favicon.png","width":64,"height":64,"caption":"d72"},"image":{"@id":"https:\/\/d72.hu\/#\/schema\/logo\/image\/"},"sameAs":["https:\/\/www.instagram.com\/d72residence\/","https:\/\/www.facebook.com\/d72residence"]}]}},"_links":{"self":[{"href":"https:\/\/d72.hu\/eng\/wp-json\/wp\/v2\/pages\/1112","targetHints":{"allow":["GET"]}}],"collection":[{"href":"https:\/\/d72.hu\/eng\/wp-json\/wp\/v2\/pages"}],"about":[{"href":"https:\/\/d72.hu\/eng\/wp-json\/wp\/v2\/types\/page"}],"author":[{"embeddable":true,"href":"https:\/\/d72.hu\/eng\/wp-json\/wp\/v2\/users\/1"}],"replies":[{"embeddable":true,"href":"https:\/\/d72.hu\/eng\/wp-json\/wp\/v2\/comments?post=1112"}],"version-history":[{"count":9,"href":"https:\/\/d72.hu\/eng\/wp-json\/wp\/v2\/pages\/1112\/revisions"}],"predecessor-version":[{"id":3643,"href":"https:\/\/d72.hu\/eng\/wp-json\/wp\/v2\/pages\/1112\/revisions\/3643"}],"wp:attachment":[{"href":"https:\/\/d72.hu\/eng\/wp-json\/wp\/v2\/media?parent=1112"}],"curies":[{"name":"wp","href":"https:\/\/api.w.org\/{rel}","templated":true}]}}